{"id":1143,"date":"2020-08-24T12:09:57","date_gmt":"2020-08-24T10:09:57","guid":{"rendered":"http:\/\/staging.flick-ingenieurgemeinschaft.de\/?page_id=1143"},"modified":"2026-04-22T13:22:55","modified_gmt":"2026-04-22T11:22:55","slug":"strassenbau","status":"publish","type":"page","link":"https:\/\/flick-ing.de\/?page_id=1143","title":{"rendered":"Stra\u00dfenbau"},"content":{"rendered":"<p><div class=\"fusion-fullwidth fullwidth-box fusion-builder-row-1 nonhundred-percent-fullwidth non-hundred-percent-height-scrolling\" style=\"--awb-border-radius-top-left:0px;--awb-border-radius-top-right:0px;--awb-border-radius-bottom-right:0px;--awb-border-radius-bottom-left:0px;--awb-padding-top:0px;--awb-padding-right:0px;--awb-padding-bottom:0px;--awb-padding-left:0px;--awb-margin-top:3px;--awb-margin-bottom:3px;--awb-flex-wrap:wrap;\" ><div class=\"fusion-builder-row fusion-row\"><div class=\"fusion-layout-column fusion_builder_column fusion-builder-column-0 fusion_builder_column_1_1 1_1 fusion-one-full fusion-column-first fusion-column-last\" style=\"--awb-padding-top:20px;--awb-padding-right:30px;--awb-padding-bottom:20px;--awb-padding-left:30px;--awb-bg-color:#ea5d0b;--awb-bg-color-hover:#ea5d0b;--awb-bg-size:cover;--awb-margin-bottom:0px;\"><div class=\"fusion-column-wrapper fusion-column-has-shadow fusion-flex-column-wrapper-legacy\"><div class=\"fusion-title title fusion-title-1 fusion-sep-none fusion-title-text fusion-title-size-two\" style=\"--awb-text-color:#ffffff;--awb-margin-bottom:0px;--awb-sep-color:#000000;\"><h2 class=\"fusion-title-heading title-heading-left fusion-responsive-typography-calculated\" style=\"margin:0;--fontSize:32;line-height:1.5;\">Stra\u00dfenbau<\/h2><\/div><div class=\"fusion-clearfix\"><\/div><\/div><\/div><\/div><\/div><div class=\"fusion-fullwidth fullwidth-box fusion-builder-row-2 has-pattern-background has-mask-background nonhundred-percent-fullwidth non-hundred-percent-height-scrolling fusion-equal-height-columns\" style=\"--awb-border-radius-top-left:0px;--awb-border-radius-top-right:0px;--awb-border-radius-bottom-right:0px;--awb-border-radius-bottom-left:0px;--awb-padding-top:0px;--awb-padding-right:0px;--awb-padding-bottom:0px;--awb-padding-left:0px;--awb-margin-top:0px;--awb-margin-bottom:0px;--awb-flex-wrap:wrap;\" ><div class=\"fusion-builder-row fusion-row\"><div class=\"fusion-layout-column fusion_builder_column fusion-builder-column-1 fusion_builder_column_1_4 1_4 fusion-one-fourth fusion-column-first\" style=\"--awb-padding-top:30px;--awb-padding-right:30px;--awb-padding-bottom:0px;--awb-padding-left:30px;--awb-bg-color:#686868;--awb-bg-color-hover:#686868;--awb-bg-size:cover;--awb-margin-bottom:0px;width:25%;width:calc(25% - ( ( 3px ) * 0.25 ) );margin-right: 3px;\"><div class=\"fusion-column-wrapper fusion-column-has-shadow fusion-flex-column-wrapper-legacy\"><div class=\"fusion-text fusion-text-1\"><p><span style=\"color: #ffffff;\">Stra\u00dfenbau ist ein komplexer Prozess, der eine enge Zusammenarbeit zwischen Ingenieuren, Planern, Bauarbeitern, Umweltschutzexperten und anderen Fachleuten erfordert. Die richtige Planung und Ausf\u00fchrung sind entscheidend, um eine sichere, langlebige und effiziente Stra\u00dfeninfrastruktur zu gew\u00e4hrleisten.<\/span><\/p>\n<\/div><div class=\"fusion-clearfix\"><\/div><\/div><\/div><div class=\"fusion-layout-column fusion_builder_column fusion-builder-column-2 fusion_builder_column_3_4 3_4 fusion-three-fourth fusion-column-last\" style=\"--awb-bg-color:#ffffff;--awb-bg-color-hover:#ffffff;--awb-bg-size:cover;--awb-border-color:#ffffff;--awb-border-top:0;--awb-border-right:3px;--awb-border-bottom:0;--awb-border-left:0;--awb-border-style:solid;--awb-margin-bottom:0px;width:75%;width:calc(75% - ( ( 3px ) * 0.75 ) );\" data-scroll-devices=\"small-visibility,medium-visibility,large-visibility\"><div class=\"fusion-column-wrapper fusion-column-has-shadow fusion-flex-column-wrapper-legacy\"><div class=\"fusion-recent-works fusion-portfolio-element fusion-portfolio fusion-portfolio-1 fusion-portfolio-grid fusion-portfolio-paging-none fusion-portfolio-two fusion-portfolio-no_text fusion-portfolio-rollover\" data-id=\"-rw-1\" data-columns=\"two\"><style type=\"text\/css\">.fusion-portfolio-1 .fusion-portfolio-wrapper .fusion-col-spacing{padding:1.5px;}<\/style><div class=\"fusion-portfolio-wrapper\" id=\"fusion-portfolio-1\" data-picturesize=\"fixed\" data-pages=\"1\" style=\"margin:-1.5px;\"><article id=\"portfolio-1-post-2570\" class=\"fusion-portfolio-post strassenbau fusion-col-spacing post-2570\"><div class=\"fusion-portfolio-content-wrapper\" style=\"border:none;\"><span class=\"entry-title rich-snippet-hidden\">Rathausplatz Neuenkirchen<\/span><span class=\"vcard rich-snippet-hidden\"><span class=\"fn\"><a href=\"https:\/\/flick-ing.de\/?author=3\" title=\"Beitr\u00e4ge von Niels Flick\" rel=\"author\">Niels Flick<\/a><\/span><\/span><span class=\"updated rich-snippet-hidden\">2026-04-09T16:44:35+02:00<\/span><div  class=\"fusion-image-wrapper fusion-image-size-fixed\" aria-haspopup=\"true\">\n\t\t\t\t<img decoding=\"async\" width=\"460\" height=\"295\" src=\"https:\/\/flick-ing.de\/wp-content\/uploads\/2023\/08\/Foto-Art-Wessels-print-04-140171147-3737-KW-KW-04-460x295.jpg\" class=\"attachment-portfolio-two size-portfolio-two wp-post-image\" alt=\"\" \/><div class=\"fusion-rollover\">\n\t<div class=\"fusion-rollover-content\">\n\n\t\t\t\t\t\t\t\t\t\t\t\t\t\t<a class=\"fusion-rollover-link\" href=\"https:\/\/flick-ing.de\/?avada_portfolio=rathausplatz-neuenkirchen\">Rathausplatz Neuenkirchen<\/a>\n\t\t\t\n\t\t\t\t\t\t\t\t\t\t\t\t\t\t\n\t\t\t\t\t\t\t\t\n\t\t\t\t\t\t\t\t\t\t\t\t\t<div class=\"fusion-rollover-sep\"><\/div>\n\t\t\t\t\n\t\t\t\t\t\t\t\t\t\t\t\t\t\t\t\t\t\t<a class=\"fusion-rollover-gallery\" href=\"https:\/\/flick-ing.de\/wp-content\/uploads\/2023\/08\/Foto-Art-Wessels-print-04-140171147-3737-KW-KW-04-scaled.jpg\" data-options=\"\" data-id=\"2570\" data-rel=\"iLightbox[gallery-rw-1]\" data-title=\"Foto-Art-Wessels-print-04-140171147-3737-KW-KW-04\" data-caption=\"\">\n\t\t\t\t\t\tGallerie\t\t\t\t\t<\/a>\n\t\t\t\t\t\t\t\t\t\t\t\t\t\t\n\t\t\n\t\t\t\t\t\t\t\t\t\t\t\t<h4 class=\"fusion-rollover-title\">\n\t\t\t\t\t<a class=\"fusion-rollover-title-link\" href=\"https:\/\/flick-ing.de\/?avada_portfolio=rathausplatz-neuenkirchen\">\n\t\t\t\t\t\tRathausplatz Neuenkirchen\t\t\t\t\t<\/a>\n\t\t\t\t<\/h4>\n\t\t\t\n\t\t\t\t\t\t\t\t\n\t\t\n\t\t\t\t\t\t<a class=\"fusion-link-wrapper\" href=\"https:\/\/flick-ing.de\/?avada_portfolio=rathausplatz-neuenkirchen\" aria-label=\"Rathausplatz Neuenkirchen\"><\/a>\n\t<\/div>\n<\/div>\n<\/div>\n<\/div><\/article><article id=\"portfolio-1-post-2416\" class=\"fusion-portfolio-post strassenbau fusion-col-spacing post-2416\"><div class=\"fusion-portfolio-content-wrapper\" style=\"border:none;\"><span class=\"entry-title rich-snippet-hidden\">Stra\u00dfenendausbau Hofstelle &#8222;Lengers&#8220;<\/span><span class=\"vcard rich-snippet-hidden\"><span class=\"fn\"><a href=\"https:\/\/flick-ing.de\/?author=3\" title=\"Beitr\u00e4ge von Niels Flick\" rel=\"author\">Niels Flick<\/a><\/span><\/span><span class=\"updated rich-snippet-hidden\">2026-04-09T16:45:43+02:00<\/span><div  class=\"fusion-image-wrapper fusion-image-size-fixed\" aria-haspopup=\"true\">\n\t\t\t\t<img decoding=\"async\" width=\"460\" height=\"295\" src=\"https:\/\/flick-ing.de\/wp-content\/uploads\/2023\/08\/059-FLICK-02-Laer-Lengers-etkw102021-1000pix-72dpi8088-059-460x295.jpg\" class=\"attachment-portfolio-two size-portfolio-two wp-post-image\" alt=\"\" \/><div class=\"fusion-rollover\">\n\t<div class=\"fusion-rollover-content\">\n\n\t\t\t\t\t\t\t\t\t\t\t\t\t\t<a class=\"fusion-rollover-link\" href=\"https:\/\/flick-ing.de\/?avada_portfolio=strassenendausbau-hofstelle-lengers\">Stra\u00dfenendausbau Hofstelle &#8222;Lengers&#8220;<\/a>\n\t\t\t\n\t\t\t\t\t\t\t\t\t\t\t\t\t\t\n\t\t\t\t\t\t\t\t\n\t\t\t\t\t\t\t\t\t\t\t\t\t<div class=\"fusion-rollover-sep\"><\/div>\n\t\t\t\t\n\t\t\t\t\t\t\t\t\t\t\t\t\t\t\t\t\t\t<a class=\"fusion-rollover-gallery\" href=\"https:\/\/flick-ing.de\/wp-content\/uploads\/2023\/08\/059-FLICK-02-Laer-Lengers-etkw102021-1000pix-72dpi8088-059.jpg\" data-options=\"\" data-id=\"2416\" data-rel=\"iLightbox[gallery-rw-1]\" data-title=\"059-FLICK-02-Laer-Lengers-etkw102021-1000pix-72dpi8088-059\" data-caption=\"\">\n\t\t\t\t\t\tGallerie\t\t\t\t\t<\/a>\n\t\t\t\t\t\t\t\t\t\t\t\t\t\t\n\t\t\n\t\t\t\t\t\t\t\t\t\t\t\t<h4 class=\"fusion-rollover-title\">\n\t\t\t\t\t<a class=\"fusion-rollover-title-link\" href=\"https:\/\/flick-ing.de\/?avada_portfolio=strassenendausbau-hofstelle-lengers\">\n\t\t\t\t\t\tStra\u00dfenendausbau Hofstelle &#8222;Lengers&#8220;\t\t\t\t\t<\/a>\n\t\t\t\t<\/h4>\n\t\t\t\n\t\t\t\t\t\t\t\t\n\t\t\n\t\t\t\t\t\t<a class=\"fusion-link-wrapper\" href=\"https:\/\/flick-ing.de\/?avada_portfolio=strassenendausbau-hofstelle-lengers\" aria-label=\"Stra\u00dfenendausbau Hofstelle &#8222;Lengers&#8220;\"><\/a>\n\t<\/div>\n<\/div>\n<\/div>\n<\/div><\/article><article id=\"portfolio-1-post-2352\" class=\"fusion-portfolio-post strassenbau fusion-col-spacing post-2352\"><div class=\"fusion-portfolio-content-wrapper\" style=\"border:none;\"><span class=\"entry-title rich-snippet-hidden\">Stra\u00dfenendausbau in Hilter<\/span><span class=\"vcard rich-snippet-hidden\"><span class=\"fn\"><a href=\"https:\/\/flick-ing.de\/?author=3\" title=\"Beitr\u00e4ge von Niels Flick\" rel=\"author\">Niels Flick<\/a><\/span><\/span><span class=\"updated rich-snippet-hidden\">2026-04-09T16:25:36+02:00<\/span><div  class=\"fusion-image-wrapper fusion-image-size-fixed\" aria-haspopup=\"true\">\n\t\t\t\t<img decoding=\"async\" width=\"460\" height=\"295\" src=\"https:\/\/flick-ing.de\/wp-content\/uploads\/2023\/08\/IMG_1418-460x295.jpg\" class=\"attachment-portfolio-two size-portfolio-two wp-post-image\" alt=\"\" \/><div class=\"fusion-rollover\">\n\t<div class=\"fusion-rollover-content\">\n\n\t\t\t\t\t\t\t\t\t\t\t\t\t\t<a class=\"fusion-rollover-link\" href=\"https:\/\/flick-ing.de\/?avada_portfolio=strassenendausbau-in-hilter\">Stra\u00dfenendausbau in Hilter<\/a>\n\t\t\t\n\t\t\t\t\t\t\t\t\t\t\t\t\t\t\n\t\t\t\t\t\t\t\t\n\t\t\t\t\t\t\t\t\t\t\t\t\t<div class=\"fusion-rollover-sep\"><\/div>\n\t\t\t\t\n\t\t\t\t\t\t\t\t\t\t\t\t\t\t\t\t\t\t<a class=\"fusion-rollover-gallery\" href=\"https:\/\/flick-ing.de\/wp-content\/uploads\/2023\/08\/IMG_1418-scaled.jpg\" data-options=\"\" data-id=\"2352\" data-rel=\"iLightbox[gallery-rw-1]\" data-title=\"IMG_1418\" data-caption=\"\">\n\t\t\t\t\t\tGallerie\t\t\t\t\t<\/a>\n\t\t\t\t\t\t\t\t\t\t\t\t\t\t\n\t\t\n\t\t\t\t\t\t\t\t\t\t\t\t<h4 class=\"fusion-rollover-title\">\n\t\t\t\t\t<a class=\"fusion-rollover-title-link\" href=\"https:\/\/flick-ing.de\/?avada_portfolio=strassenendausbau-in-hilter\">\n\t\t\t\t\t\tStra\u00dfenendausbau in Hilter\t\t\t\t\t<\/a>\n\t\t\t\t<\/h4>\n\t\t\t\n\t\t\t\t\t\t\t\t\n\t\t\n\t\t\t\t\t\t<a class=\"fusion-link-wrapper\" href=\"https:\/\/flick-ing.de\/?avada_portfolio=strassenendausbau-in-hilter\" aria-label=\"Stra\u00dfenendausbau in Hilter\"><\/a>\n\t<\/div>\n<\/div>\n<\/div>\n<\/div><\/article><article id=\"portfolio-1-post-1615\" class=\"fusion-portfolio-post infrastruktur strassenbau fusion-col-spacing post-1615\"><div class=\"fusion-portfolio-content-wrapper\" style=\"border:none;\"><span class=\"entry-title rich-snippet-hidden\">Wohngebiet &#8222;Auf dem Esch&#8220;<\/span><span class=\"vcard rich-snippet-hidden\"><span class=\"fn\"><a href=\"https:\/\/flick-ing.de\/?author=6\" title=\"Beitr\u00e4ge von Flick Ingenieurgemeinschaft\" rel=\"author\">Flick Ingenieurgemeinschaft<\/a><\/span><\/span><span class=\"updated rich-snippet-hidden\">2026-02-11T14:39:02+01:00<\/span><div  class=\"fusion-image-wrapper fusion-image-size-fixed\" aria-haspopup=\"true\">\n\t\t\t\t<img decoding=\"async\" width=\"460\" height=\"295\" src=\"https:\/\/flick-ing.de\/wp-content\/uploads\/2020\/09\/02-140176791-2832-KWkw-02-e1606725729972-460x295.jpg\" class=\"attachment-portfolio-two size-portfolio-two wp-post-image\" alt=\"\" \/><div class=\"fusion-rollover\">\n\t<div class=\"fusion-rollover-content\">\n\n\t\t\t\t\t\t\t\t\t\t\t\t\t\t<a class=\"fusion-rollover-link\" href=\"https:\/\/flick-ing.de\/?avada_portfolio=infrastruktur1\">Wohngebiet &#8222;Auf dem Esch&#8220;<\/a>\n\t\t\t\n\t\t\t\t\t\t\t\t\t\t\t\t\t\t\n\t\t\t\t\t\t\t\t\n\t\t\t\t\t\t\t\t\t\t\t\t\t<div class=\"fusion-rollover-sep\"><\/div>\n\t\t\t\t\n\t\t\t\t\t\t\t\t\t\t\t\t\t\t\t\t\t\t<a class=\"fusion-rollover-gallery\" href=\"https:\/\/flick-ing.de\/wp-content\/uploads\/2020\/09\/02-140176791-2832-KWkw-02-e1606725729972.jpg\" data-options=\"\" data-id=\"1615\" data-rel=\"iLightbox[gallery-rw-1]\" data-title=\"02-140176791-2832-KWkw-02\" data-caption=\"\">\n\t\t\t\t\t\tGallerie\t\t\t\t\t<\/a>\n\t\t\t\t\t\t\t\t\t\t\t\t\t\t\n\t\t\n\t\t\t\t\t\t\t\t\t\t\t\t<h4 class=\"fusion-rollover-title\">\n\t\t\t\t\t<a class=\"fusion-rollover-title-link\" href=\"https:\/\/flick-ing.de\/?avada_portfolio=infrastruktur1\">\n\t\t\t\t\t\tWohngebiet &#8222;Auf dem Esch&#8220;\t\t\t\t\t<\/a>\n\t\t\t\t<\/h4>\n\t\t\t\n\t\t\t\t\t\t\t\t\n\t\t\n\t\t\t\t\t\t<a class=\"fusion-link-wrapper\" href=\"https:\/\/flick-ing.de\/?avada_portfolio=infrastruktur1\" aria-label=\"Wohngebiet &#8222;Auf dem Esch&#8220;\"><\/a>\n\t<\/div>\n<\/div>\n<\/div>\n<\/div><\/article><\/div><\/div><div class=\"fusion-clearfix\"><\/div><\/div><\/div><\/div><\/div><\/p>\n","protected":false},"excerpt":{"rendered":"","protected":false},"author":6,"featured_media":0,"parent":0,"menu_order":0,"comment_status":"closed","ping_status":"closed","template":"100-width.php","meta":{"footnotes":""},"class_list":["post-1143","page","type-page","status-publish","hentry"],"_links":{"self":[{"href":"https:\/\/flick-ing.de\/index.php?rest_route=\/wp\/v2\/pages\/1143","targetHints":{"allow":["GET"]}}],"collection":[{"href":"https:\/\/flick-ing.de\/index.php?rest_route=\/wp\/v2\/pages"}],"about":[{"href":"https:\/\/flick-ing.de\/index.php?rest_route=\/wp\/v2\/types\/page"}],"author":[{"embeddable":true,"href":"https:\/\/flick-ing.de\/index.php?rest_route=\/wp\/v2\/users\/6"}],"replies":[{"embeddable":true,"href":"https:\/\/flick-ing.de\/index.php?rest_route=%2Fwp%2Fv2%2Fcomments&post=1143"}],"version-history":[{"count":15,"href":"https:\/\/flick-ing.de\/index.php?rest_route=\/wp\/v2\/pages\/1143\/revisions"}],"predecessor-version":[{"id":3678,"href":"https:\/\/flick-ing.de\/index.php?rest_route=\/wp\/v2\/pages\/1143\/revisions\/3678"}],"wp:attachment":[{"href":"https:\/\/flick-ing.de\/index.php?rest_route=%2Fwp%2Fv2%2Fmedia&parent=1143"}],"curies":[{"name":"wp","href":"https:\/\/api.w.org\/{rel}","templated":true}]}}