{"id":1144,"date":"2020-08-24T12:16:19","date_gmt":"2020-08-24T10:16:19","guid":{"rendered":"http:\/\/staging.flick-ingenieurgemeinschaft.de\/?page_id=1144"},"modified":"2026-04-22T13:23:56","modified_gmt":"2026-04-22T11:23:56","slug":"digital","status":"publish","type":"page","link":"https:\/\/flick-ing.de\/?page_id=1144","title":{"rendered":"Besondere Leistungen"},"content":{"rendered":"<p><div class=\"fusion-fullwidth fullwidth-box fusion-builder-row-1 nonhundred-percent-fullwidth non-hundred-percent-height-scrolling\" style=\"--awb-border-radius-top-left:0px;--awb-border-radius-top-right:0px;--awb-border-radius-bottom-right:0px;--awb-border-radius-bottom-left:0px;--awb-padding-top:0px;--awb-padding-right:0px;--awb-padding-bottom:0px;--awb-padding-left:0px;--awb-margin-top:3px;--awb-margin-bottom:3px;--awb-flex-wrap:wrap;\" ><div class=\"fusion-builder-row fusion-row\"><div class=\"fusion-layout-column fusion_builder_column fusion-builder-column-0 fusion_builder_column_1_1 1_1 fusion-one-full fusion-column-first fusion-column-last\" style=\"--awb-padding-top:20px;--awb-padding-right:30px;--awb-padding-bottom:20px;--awb-padding-left:30px;--awb-bg-color:#ea5d0b;--awb-bg-color-hover:#ea5d0b;--awb-bg-size:cover;--awb-margin-bottom:0px;\"><div class=\"fusion-column-wrapper fusion-column-has-shadow fusion-flex-column-wrapper-legacy\"><div class=\"fusion-title title fusion-title-1 fusion-sep-none fusion-title-text fusion-title-size-two\" style=\"--awb-text-color:#ffffff;--awb-margin-bottom:0px;--awb-sep-color:#000000;\"><h2 class=\"fusion-title-heading title-heading-left fusion-responsive-typography-calculated\" style=\"margin:0;--fontSize:32;line-height:1.5;\">Besondere Leistungen<\/h2><\/div><div class=\"fusion-clearfix\"><\/div><\/div><\/div><\/div><\/div><div class=\"fusion-fullwidth fullwidth-box fusion-builder-row-2 nonhundred-percent-fullwidth non-hundred-percent-height-scrolling fusion-equal-height-columns\" style=\"--awb-border-radius-top-left:0px;--awb-border-radius-top-right:0px;--awb-border-radius-bottom-right:0px;--awb-border-radius-bottom-left:0px;--awb-padding-top:0px;--awb-padding-right:0px;--awb-padding-bottom:0px;--awb-padding-left:0px;--awb-margin-top:0px;--awb-margin-bottom:0px;--awb-flex-wrap:wrap;\" ><div class=\"fusion-builder-row fusion-row\"><div class=\"fusion-layout-column fusion_builder_column fusion-builder-column-1 fusion_builder_column_1_3 1_3 fusion-one-third fusion-column-first\" style=\"--awb-padding-top:30px;--awb-padding-right:30px;--awb-padding-bottom:0px;--awb-padding-left:30px;--awb-bg-color:#686868;--awb-bg-color-hover:#686868;--awb-bg-size:cover;--awb-margin-bottom:0px;width:33.333333333333%;width:calc(33.333333333333% - ( ( 3px ) * 0.33333333333333 ) );margin-right: 3px;\"><div class=\"fusion-column-wrapper fusion-column-has-shadow fusion-flex-column-wrapper-legacy\"><div class=\"fusion-text fusion-text-1\"><p><span style=\"color: #ffffff;\">Besondere Leistung in der Bauplanung bedeutet, \u00fcber den Standard hinauszudenken und Projekte mit h\u00f6chster Pr\u00e4zision, Kreativit\u00e4t und Verantwortung umzusetzen. Sie umfasst individuelle L\u00f6sungen f\u00fcr komplexe Anforderungen, eine enge Abstimmung mit allen Projektbeteiligten sowie die Ber\u00fccksichtigung von Nachhaltigkeit, Wirtschaftlichkeit und Qualit\u00e4t in jeder Planungsphase. Durch innovative Ans\u00e4tze und fundiertes Fachwissen entstehen Bauprojekte, die nicht nur funktional \u00fcberzeugen, sondern auch langfristig Mehrwert schaffen.<\/span><\/p>\n<\/div><div class=\"fusion-clearfix\"><\/div><\/div><\/div><div class=\"fusion-layout-column fusion_builder_column fusion-builder-column-2 fusion_builder_column_2_3 2_3 fusion-two-third fusion-column-last\" style=\"--awb-bg-color:#ffffff;--awb-bg-color-hover:#ffffff;--awb-bg-size:cover;--awb-border-color:#ffffff;--awb-border-top:0;--awb-border-right:3px;--awb-border-bottom:0;--awb-border-left:0;--awb-border-style:solid;--awb-margin-bottom:0px;width:66.666666666667%;width:calc(66.666666666667% - ( ( 3px ) * 0.66666666666667 ) );\" data-scroll-devices=\"small-visibility,medium-visibility,large-visibility\"><div class=\"fusion-column-wrapper fusion-column-has-shadow fusion-flex-column-wrapper-legacy\"><div class=\"fusion-recent-works fusion-portfolio-element fusion-portfolio fusion-portfolio-1 fusion-portfolio-grid fusion-portfolio-paging-none fusion-portfolio-two fusion-portfolio-no_text fusion-portfolio-rollover\" data-id=\"-rw-1\" data-columns=\"two\"><style type=\"text\/css\">.fusion-portfolio-1 .fusion-portfolio-wrapper .fusion-col-spacing{padding:1.5px;}<\/style><div class=\"fusion-portfolio-wrapper\" id=\"fusion-portfolio-1\" data-picturesize=\"fixed\" data-pages=\"1\" style=\"margin:-1.5px;\"><article id=\"portfolio-1-post-2874\" class=\"fusion-portfolio-post besondere-leistung fusion-col-spacing post-2874\"><div class=\"fusion-portfolio-content-wrapper\" style=\"border:none;\"><span class=\"entry-title rich-snippet-hidden\">3D-Modellierung<\/span><span class=\"vcard rich-snippet-hidden\"><span class=\"fn\"><a href=\"https:\/\/flick-ing.de\/?author=1\" title=\"Beitr\u00e4ge von leusmann\" rel=\"author\">leusmann<\/a><\/span><\/span><span class=\"updated rich-snippet-hidden\">2026-04-09T16:46:51+02:00<\/span><div  class=\"fusion-image-wrapper fusion-image-size-fixed\" aria-haspopup=\"true\">\n\t\t\t\t<img decoding=\"async\" width=\"460\" height=\"295\" src=\"https:\/\/flick-ing.de\/wp-content\/uploads\/2026\/02\/AdobeStock_42531131-460x295.png\" class=\"attachment-portfolio-two size-portfolio-two wp-post-image\" alt=\"\" \/><div class=\"fusion-rollover\">\n\t<div class=\"fusion-rollover-content\">\n\n\t\t\t\t\t\t\t\t\t\t\t\t\t\t<a class=\"fusion-rollover-link\" href=\"https:\/\/flick-ing.de\/?avada_portfolio=beispielprojekt-digital-4\">3D-Modellierung<\/a>\n\t\t\t\n\t\t\t\t\t\t\t\t\t\t\t\t\t\t\n\t\t\t\t\t\t\t\t\n\t\t\t\t\t\t\t\t\t\t\t\t\t<div class=\"fusion-rollover-sep\"><\/div>\n\t\t\t\t\n\t\t\t\t\t\t\t\t\t\t\t\t\t\t\t\t\t\t<a class=\"fusion-rollover-gallery\" href=\"https:\/\/flick-ing.de\/wp-content\/uploads\/2026\/02\/AdobeStock_42531131-scaled.png\" data-options=\"\" data-id=\"2874\" data-rel=\"iLightbox[gallery-rw-1]\" data-title=\"AdobeStock_42531131\" data-caption=\"\">\n\t\t\t\t\t\tGallerie\t\t\t\t\t<\/a>\n\t\t\t\t\t\t\t\t\t\t\t\t\t\t\n\t\t\n\t\t\t\t\t\t\t\t\t\t\t\t<h4 class=\"fusion-rollover-title\">\n\t\t\t\t\t<a class=\"fusion-rollover-title-link\" href=\"https:\/\/flick-ing.de\/?avada_portfolio=beispielprojekt-digital-4\">\n\t\t\t\t\t\t3D-Modellierung\t\t\t\t\t<\/a>\n\t\t\t\t<\/h4>\n\t\t\t\n\t\t\t\t\t\t\t\t\n\t\t\n\t\t\t\t\t\t<a class=\"fusion-link-wrapper\" href=\"https:\/\/flick-ing.de\/?avada_portfolio=beispielprojekt-digital-4\" aria-label=\"3D-Modellierung\"><\/a>\n\t<\/div>\n<\/div>\n<\/div>\n<\/div><\/article><article id=\"portfolio-1-post-2865\" class=\"fusion-portfolio-post besondere-leistung fusion-col-spacing post-2865\"><div class=\"fusion-portfolio-content-wrapper\" style=\"border:none;\"><span class=\"entry-title rich-snippet-hidden\">Barrierefreies Bauen<\/span><span class=\"vcard rich-snippet-hidden\"><span class=\"fn\"><a href=\"https:\/\/flick-ing.de\/?author=1\" title=\"Beitr\u00e4ge von leusmann\" rel=\"author\">leusmann<\/a><\/span><\/span><span class=\"updated rich-snippet-hidden\">2026-04-09T16:47:25+02:00<\/span><div  class=\"fusion-image-wrapper fusion-image-size-fixed\" aria-haspopup=\"true\">\n\t\t\t\t<img decoding=\"async\" width=\"460\" height=\"295\" src=\"https:\/\/flick-ing.de\/wp-content\/uploads\/2026\/02\/AdobeStock_1919055310-460x295.png\" class=\"attachment-portfolio-two size-portfolio-two wp-post-image\" alt=\"\" \/><div class=\"fusion-rollover\">\n\t<div class=\"fusion-rollover-content\">\n\n\t\t\t\t\t\t\t\t\t\t\t\t\t\t<a class=\"fusion-rollover-link\" href=\"https:\/\/flick-ing.de\/?avada_portfolio=beispielprojekt-digital-1\">Barrierefreies Bauen<\/a>\n\t\t\t\n\t\t\t\t\t\t\t\t\t\t\t\t\t\t\n\t\t\t\t\t\t\t\t\n\t\t\t\t\t\t\t\t\t\t\t\t\t<div class=\"fusion-rollover-sep\"><\/div>\n\t\t\t\t\n\t\t\t\t\t\t\t\t\t\t\t\t\t\t\t\t\t\t<a class=\"fusion-rollover-gallery\" href=\"https:\/\/flick-ing.de\/wp-content\/uploads\/2026\/02\/AdobeStock_1919055310-scaled-e1773762187755.png\" data-options=\"\" data-id=\"2865\" data-rel=\"iLightbox[gallery-rw-1]\" data-title=\"AdobeStock_1919055310\" data-caption=\"\">\n\t\t\t\t\t\tGallerie\t\t\t\t\t<\/a>\n\t\t\t\t\t\t\t\t\t\t\t\t\t\t\n\t\t\n\t\t\t\t\t\t\t\t\t\t\t\t<h4 class=\"fusion-rollover-title\">\n\t\t\t\t\t<a class=\"fusion-rollover-title-link\" href=\"https:\/\/flick-ing.de\/?avada_portfolio=beispielprojekt-digital-1\">\n\t\t\t\t\t\tBarrierefreies Bauen\t\t\t\t\t<\/a>\n\t\t\t\t<\/h4>\n\t\t\t\n\t\t\t\t\t\t\t\t\n\t\t\n\t\t\t\t\t\t<a class=\"fusion-link-wrapper\" href=\"https:\/\/flick-ing.de\/?avada_portfolio=beispielprojekt-digital-1\" aria-label=\"Barrierefreies Bauen\"><\/a>\n\t<\/div>\n<\/div>\n<\/div>\n<\/div><\/article><article id=\"portfolio-1-post-2870\" class=\"fusion-portfolio-post besondere-leistung fusion-col-spacing post-2870\"><div class=\"fusion-portfolio-content-wrapper\" style=\"border:none;\"><span class=\"entry-title rich-snippet-hidden\">BIM in Bau- und Infrastrukturprojekten<\/span><span class=\"vcard rich-snippet-hidden\"><span class=\"fn\"><a href=\"https:\/\/flick-ing.de\/?author=1\" title=\"Beitr\u00e4ge von leusmann\" rel=\"author\">leusmann<\/a><\/span><\/span><span class=\"updated rich-snippet-hidden\">2026-04-09T16:48:00+02:00<\/span><div  class=\"fusion-image-wrapper fusion-image-size-fixed\" aria-haspopup=\"true\">\n\t\t\t\t<img decoding=\"async\" width=\"460\" height=\"295\" src=\"https:\/\/flick-ing.de\/wp-content\/uploads\/2026\/03\/AdobeStock_584419577-460x295.png\" class=\"attachment-portfolio-two size-portfolio-two wp-post-image\" alt=\"\" \/><div class=\"fusion-rollover\">\n\t<div class=\"fusion-rollover-content\">\n\n\t\t\t\t\t\t\t\t\t\t\t\t\t\t<a class=\"fusion-rollover-link\" href=\"https:\/\/flick-ing.de\/?avada_portfolio=beispielprojekt-digital-2\">BIM in Bau- und Infrastrukturprojekten<\/a>\n\t\t\t\n\t\t\t\t\t\t\t\t\t\t\t\t\t\t\n\t\t\t\t\t\t\t\t\n\t\t\t\t\t\t\t\t\t\t\t\t\t<div class=\"fusion-rollover-sep\"><\/div>\n\t\t\t\t\n\t\t\t\t\t\t\t\t\t\t\t\t\t\t\t\t\t\t<a class=\"fusion-rollover-gallery\" href=\"https:\/\/flick-ing.de\/wp-content\/uploads\/2026\/03\/AdobeStock_584419577.png\" data-options=\"\" data-id=\"2870\" data-rel=\"iLightbox[gallery-rw-1]\" data-title=\"AdobeStock_584419577\" data-caption=\"\">\n\t\t\t\t\t\tGallerie\t\t\t\t\t<\/a>\n\t\t\t\t\t\t\t\t\t\t\t\t\t\t\n\t\t\n\t\t\t\t\t\t\t\t\t\t\t\t<h4 class=\"fusion-rollover-title\">\n\t\t\t\t\t<a class=\"fusion-rollover-title-link\" href=\"https:\/\/flick-ing.de\/?avada_portfolio=beispielprojekt-digital-2\">\n\t\t\t\t\t\tBIM in Bau- und Infrastrukturprojekten\t\t\t\t\t<\/a>\n\t\t\t\t<\/h4>\n\t\t\t\n\t\t\t\t\t\t\t\t\n\t\t\n\t\t\t\t\t\t<a class=\"fusion-link-wrapper\" href=\"https:\/\/flick-ing.de\/?avada_portfolio=beispielprojekt-digital-2\" aria-label=\"BIM in Bau- und Infrastrukturprojekten\"><\/a>\n\t<\/div>\n<\/div>\n<\/div>\n<\/div><\/article><article id=\"portfolio-1-post-2872\" class=\"fusion-portfolio-post besondere-leistung fusion-col-spacing post-2872\"><div class=\"fusion-portfolio-content-wrapper\" style=\"border:none;\"><span class=\"entry-title rich-snippet-hidden\">Umweltbildung &#8211; Naturerlebnisr\u00e4ume<\/span><span class=\"vcard rich-snippet-hidden\"><span class=\"fn\"><a href=\"https:\/\/flick-ing.de\/?author=1\" title=\"Beitr\u00e4ge von leusmann\" rel=\"author\">leusmann<\/a><\/span><\/span><span class=\"updated rich-snippet-hidden\">2026-04-09T16:48:25+02:00<\/span><div  class=\"fusion-image-wrapper fusion-image-size-fixed\" aria-haspopup=\"true\">\n\t\t\t\t<img decoding=\"async\" width=\"460\" height=\"295\" src=\"https:\/\/flick-ing.de\/wp-content\/uploads\/2026\/03\/AdobeStock_1467887408-460x295.png\" class=\"attachment-portfolio-two size-portfolio-two wp-post-image\" alt=\"\" \/><div class=\"fusion-rollover\">\n\t<div class=\"fusion-rollover-content\">\n\n\t\t\t\t\t\t\t\t\t\t\t\t\t\t<a class=\"fusion-rollover-link\" href=\"https:\/\/flick-ing.de\/?avada_portfolio=beispielprojekt-digital-3\">Umweltbildung &#8211; Naturerlebnisr\u00e4ume<\/a>\n\t\t\t\n\t\t\t\t\t\t\t\t\t\t\t\t\t\t\n\t\t\t\t\t\t\t\t\n\t\t\t\t\t\t\t\t\t\t\t\t\t<div class=\"fusion-rollover-sep\"><\/div>\n\t\t\t\t\n\t\t\t\t\t\t\t\t\t\t\t\t\t\t\t\t\t\t<a class=\"fusion-rollover-gallery\" href=\"https:\/\/flick-ing.de\/wp-content\/uploads\/2026\/03\/AdobeStock_1467887408-scaled.png\" data-options=\"\" data-id=\"2872\" data-rel=\"iLightbox[gallery-rw-1]\" data-title=\"AdobeStock_1467887408\" data-caption=\"\">\n\t\t\t\t\t\tGallerie\t\t\t\t\t<\/a>\n\t\t\t\t\t\t\t\t\t\t\t\t\t\t\n\t\t\n\t\t\t\t\t\t\t\t\t\t\t\t<h4 class=\"fusion-rollover-title\">\n\t\t\t\t\t<a class=\"fusion-rollover-title-link\" href=\"https:\/\/flick-ing.de\/?avada_portfolio=beispielprojekt-digital-3\">\n\t\t\t\t\t\tUmweltbildung &#8211; Naturerlebnisr\u00e4ume\t\t\t\t\t<\/a>\n\t\t\t\t<\/h4>\n\t\t\t\n\t\t\t\t\t\t\t\t\n\t\t\n\t\t\t\t\t\t<a class=\"fusion-link-wrapper\" href=\"https:\/\/flick-ing.de\/?avada_portfolio=beispielprojekt-digital-3\" aria-label=\"Umweltbildung &#8211; Naturerlebnisr\u00e4ume\"><\/a>\n\t<\/div>\n<\/div>\n<\/div>\n<\/div><\/article><\/div><\/div><div class=\"fusion-clearfix\"><\/div><\/div><\/div><\/div><\/div><\/p>\n","protected":false},"excerpt":{"rendered":"","protected":false},"author":6,"featured_media":0,"parent":0,"menu_order":0,"comment_status":"closed","ping_status":"closed","template":"100-width.php","meta":{"footnotes":""},"class_list":["post-1144","page","type-page","status-publish","hentry"],"_links":{"self":[{"href":"https:\/\/flick-ing.de\/index.php?rest_route=\/wp\/v2\/pages\/1144","targetHints":{"allow":["GET"]}}],"collection":[{"href":"https:\/\/flick-ing.de\/index.php?rest_route=\/wp\/v2\/pages"}],"about":[{"href":"https:\/\/flick-ing.de\/index.php?rest_route=\/wp\/v2\/types\/page"}],"author":[{"embeddable":true,"href":"https:\/\/flick-ing.de\/index.php?rest_route=\/wp\/v2\/users\/6"}],"replies":[{"embeddable":true,"href":"https:\/\/flick-ing.de\/index.php?rest_route=%2Fwp%2Fv2%2Fcomments&post=1144"}],"version-history":[{"count":13,"href":"https:\/\/flick-ing.de\/index.php?rest_route=\/wp\/v2\/pages\/1144\/revisions"}],"predecessor-version":[{"id":2877,"href":"https:\/\/flick-ing.de\/index.php?rest_route=\/wp\/v2\/pages\/1144\/revisions\/2877"}],"wp:attachment":[{"href":"https:\/\/flick-ing.de\/index.php?rest_route=%2Fwp%2Fv2%2Fmedia&parent=1144"}],"curies":[{"name":"wp","href":"https:\/\/api.w.org\/{rel}","templated":true}]}}