{"id":1145,"date":"2020-08-24T12:16:49","date_gmt":"2020-08-24T10:16:49","guid":{"rendered":"http:\/\/staging.flick-ingenieurgemeinschaft.de\/?page_id=1145"},"modified":"2026-04-22T13:24:59","modified_gmt":"2026-04-22T11:24:59","slug":"abwasser","status":"publish","type":"page","link":"https:\/\/flick-ing.de\/?page_id=1145","title":{"rendered":"Abwasser"},"content":{"rendered":"<p><div class=\"fusion-fullwidth fullwidth-box fusion-builder-row-1 nonhundred-percent-fullwidth non-hundred-percent-height-scrolling\" style=\"--awb-border-radius-top-left:0px;--awb-border-radius-top-right:0px;--awb-border-radius-bottom-right:0px;--awb-border-radius-bottom-left:0px;--awb-padding-top:0px;--awb-padding-right:0px;--awb-padding-bottom:0px;--awb-padding-left:0px;--awb-margin-top:3px;--awb-margin-bottom:3px;--awb-flex-wrap:wrap;\" ><div class=\"fusion-builder-row fusion-row\"><div class=\"fusion-layout-column fusion_builder_column fusion-builder-column-0 fusion_builder_column_1_1 1_1 fusion-one-full fusion-column-first fusion-column-last\" style=\"--awb-padding-top:20px;--awb-padding-right:30px;--awb-padding-bottom:20px;--awb-padding-left:30px;--awb-bg-color:#ea5d0b;--awb-bg-color-hover:#ea5d0b;--awb-bg-size:cover;--awb-margin-bottom:0px;\"><div class=\"fusion-column-wrapper fusion-column-has-shadow fusion-flex-column-wrapper-legacy\"><div class=\"fusion-title title fusion-title-1 fusion-sep-none fusion-title-text fusion-title-size-two\" style=\"--awb-text-color:#ffffff;--awb-margin-bottom:0px;--awb-sep-color:#000000;\"><h2 class=\"fusion-title-heading title-heading-left fusion-responsive-typography-calculated\" style=\"margin:0;--fontSize:32;line-height:1.5;\">Abwasser<\/h2><\/div><div class=\"fusion-clearfix\"><\/div><\/div><\/div><\/div><\/div><div class=\"fusion-fullwidth fullwidth-box fusion-builder-row-2 nonhundred-percent-fullwidth non-hundred-percent-height-scrolling fusion-equal-height-columns\" style=\"--awb-border-radius-top-left:0px;--awb-border-radius-top-right:0px;--awb-border-radius-bottom-right:0px;--awb-border-radius-bottom-left:0px;--awb-padding-top:0px;--awb-padding-right:0px;--awb-padding-bottom:0px;--awb-padding-left:0px;--awb-margin-top:0px;--awb-margin-bottom:0px;--awb-flex-wrap:wrap;\" ><div class=\"fusion-builder-row fusion-row\"><div class=\"fusion-layout-column fusion_builder_column fusion-builder-column-1 fusion_builder_column_1_4 1_4 fusion-one-fourth fusion-column-first\" style=\"--awb-padding-top:30px;--awb-padding-right:30px;--awb-padding-bottom:0px;--awb-padding-left:30px;--awb-bg-color:#686868;--awb-bg-color-hover:#686868;--awb-bg-size:cover;--awb-margin-bottom:0px;width:25%;width:calc(25% - ( ( 3px ) * 0.25 ) );margin-right: 3px;\" data-scroll-devices=\"small-visibility,medium-visibility,large-visibility\"><div class=\"fusion-column-wrapper fusion-column-has-shadow fusion-flex-column-wrapper-legacy\"><div class=\"fusion-text fusion-text-1\"><p><span style=\"color: #ffffff;\">Die ordnungsgem\u00e4\u00dfe Behandlung von Abwasser ist wichtig, um die Umwelt zu sch\u00fctzen und die Gesundheit der Menschen zu gew\u00e4hrleisten. In vielen L\u00e4ndern und Gemeinden gibt es Systeme zur Sammlung und Behandlung von Abwasser. Diese Systeme umfassen in der Regel Kl\u00e4ranlagen, die das Abwasser durch verschiedene Prozesse reinigen, um es sicher in die Umwelt zur\u00fcckzuf\u00fchren oder in Fl\u00fcsse, Seen oder Ozeane zu leiten.<\/span><\/p>\n<\/div><div class=\"fusion-clearfix\"><\/div><\/div><\/div><div class=\"fusion-layout-column fusion_builder_column fusion-builder-column-2 fusion_builder_column_3_4 3_4 fusion-three-fourth fusion-column-last\" style=\"--awb-bg-color:#ffffff;--awb-bg-color-hover:#ffffff;--awb-bg-size:cover;--awb-border-color:#ffffff;--awb-border-top:0;--awb-border-right:3px;--awb-border-bottom:0;--awb-border-left:0;--awb-border-style:solid;--awb-margin-bottom:0px;width:75%;width:calc(75% - ( ( 3px ) * 0.75 ) );\" data-scroll-devices=\"small-visibility,medium-visibility,large-visibility\"><div class=\"fusion-column-wrapper fusion-column-has-shadow fusion-flex-column-wrapper-legacy\"><div class=\"fusion-recent-works fusion-portfolio-element fusion-portfolio fusion-portfolio-1 fusion-portfolio-grid fusion-portfolio-paging-none fusion-portfolio-two fusion-portfolio-no_text fusion-portfolio-rollover\" data-id=\"-rw-1\" data-columns=\"two\"><style type=\"text\/css\">.fusion-portfolio-1 .fusion-portfolio-wrapper .fusion-col-spacing{padding:1.5px;}<\/style><div class=\"fusion-portfolio-wrapper\" id=\"fusion-portfolio-1\" data-picturesize=\"fixed\" data-pages=\"1\" style=\"margin:-1.5px;\"><article id=\"portfolio-1-post-2888\" class=\"fusion-portfolio-post abwasser fusion-col-spacing post-2888\"><div class=\"fusion-portfolio-content-wrapper\" style=\"border:none;\"><span class=\"entry-title rich-snippet-hidden\">Geschlossenen Kanalsanierungsma\u00dfnahme<\/span><span class=\"vcard rich-snippet-hidden\"><span class=\"fn\"><a href=\"https:\/\/flick-ing.de\/?author=1\" title=\"Beitr\u00e4ge von leusmann\" rel=\"author\">leusmann<\/a><\/span><\/span><span class=\"updated rich-snippet-hidden\">2026-04-09T16:49:15+02:00<\/span><div  class=\"fusion-image-wrapper fusion-image-size-fixed\" aria-haspopup=\"true\">\n\t\t\t\t<img decoding=\"async\" width=\"460\" height=\"295\" src=\"https:\/\/flick-ing.de\/wp-content\/uploads\/2026\/03\/DSCN0002-1-460x295.jpg\" class=\"attachment-portfolio-two size-portfolio-two wp-post-image\" alt=\"\" \/><div class=\"fusion-rollover\">\n\t<div class=\"fusion-rollover-content\">\n\n\t\t\t\t\t\t\t\t\t\t\t\t\t\t<a class=\"fusion-rollover-link\" href=\"https:\/\/flick-ing.de\/?avada_portfolio=beispielprojekt-abwasser-4\">Geschlossenen Kanalsanierungsma\u00dfnahme<\/a>\n\t\t\t\n\t\t\t\t\t\t\t\t\t\t\t\t\t\t\n\t\t\t\t\t\t\t\t\n\t\t\t\t\t\t\t\t\t\t\t\t\t<div class=\"fusion-rollover-sep\"><\/div>\n\t\t\t\t\n\t\t\t\t\t\t\t\t\t\t\t\t\t\t\t\t\t\t<a class=\"fusion-rollover-gallery\" href=\"https:\/\/flick-ing.de\/wp-content\/uploads\/2026\/03\/DSCN0002-1-scaled.jpg\" data-options=\"\" data-id=\"2888\" data-rel=\"iLightbox[gallery-rw-1]\" data-title=\"DSCN0002\" data-caption=\"\">\n\t\t\t\t\t\tGallerie\t\t\t\t\t<\/a>\n\t\t\t\t\t\t\t\t\t\t\t\t\t\t\n\t\t\n\t\t\t\t\t\t\t\t\t\t\t\t<h4 class=\"fusion-rollover-title\">\n\t\t\t\t\t<a class=\"fusion-rollover-title-link\" href=\"https:\/\/flick-ing.de\/?avada_portfolio=beispielprojekt-abwasser-4\">\n\t\t\t\t\t\tGeschlossenen Kanalsanierungsma\u00dfnahme\t\t\t\t\t<\/a>\n\t\t\t\t<\/h4>\n\t\t\t\n\t\t\t\t\t\t\t\t\n\t\t\n\t\t\t\t\t\t<a class=\"fusion-link-wrapper\" href=\"https:\/\/flick-ing.de\/?avada_portfolio=beispielprojekt-abwasser-4\" aria-label=\"Geschlossenen Kanalsanierungsma\u00dfnahme\"><\/a>\n\t<\/div>\n<\/div>\n<\/div>\n<\/div><\/article><article id=\"portfolio-1-post-2878\" class=\"fusion-portfolio-post abwasser fusion-col-spacing post-2878\"><div class=\"fusion-portfolio-content-wrapper\" style=\"border:none;\"><span class=\"entry-title rich-snippet-hidden\">Kanalerneuerung und Oberfl\u00e4chensanierung in der Feldstra\u00dfe in Rhede<\/span><span class=\"vcard rich-snippet-hidden\"><span class=\"fn\"><a href=\"https:\/\/flick-ing.de\/?author=1\" title=\"Beitr\u00e4ge von leusmann\" rel=\"author\">leusmann<\/a><\/span><\/span><span class=\"updated rich-snippet-hidden\">2026-04-09T16:49:52+02:00<\/span><div  class=\"fusion-image-wrapper fusion-image-size-fixed\" aria-haspopup=\"true\">\n\t\t\t\t<img decoding=\"async\" width=\"460\" height=\"295\" src=\"https:\/\/flick-ing.de\/wp-content\/uploads\/2026\/03\/Foto-16-460x295.jpg\" class=\"attachment-portfolio-two size-portfolio-two wp-post-image\" alt=\"\" \/><div class=\"fusion-rollover\">\n\t<div class=\"fusion-rollover-content\">\n\n\t\t\t\t\t\t\t\t\t\t\t\t\t\t<a class=\"fusion-rollover-link\" href=\"https:\/\/flick-ing.de\/?avada_portfolio=beispielprojekt-abwasser-1\">Kanalerneuerung und Oberfl\u00e4chensanierung in der Feldstra\u00dfe in Rhede<\/a>\n\t\t\t\n\t\t\t\t\t\t\t\t\t\t\t\t\t\t\n\t\t\t\t\t\t\t\t\n\t\t\t\t\t\t\t\t\t\t\t\t\t<div class=\"fusion-rollover-sep\"><\/div>\n\t\t\t\t\n\t\t\t\t\t\t\t\t\t\t\t\t\t\t\t\t\t\t<a class=\"fusion-rollover-gallery\" href=\"https:\/\/flick-ing.de\/wp-content\/uploads\/2026\/03\/Foto-16-scaled.jpg\" data-options=\"\" data-id=\"2878\" data-rel=\"iLightbox[gallery-rw-1]\" data-title=\"Foto (16)\" data-caption=\"\">\n\t\t\t\t\t\tGallerie\t\t\t\t\t<\/a>\n\t\t\t\t\t\t\t\t\t\t\t\t\t\t\n\t\t\n\t\t\t\t\t\t\t\t\t\t\t\t<h4 class=\"fusion-rollover-title\">\n\t\t\t\t\t<a class=\"fusion-rollover-title-link\" href=\"https:\/\/flick-ing.de\/?avada_portfolio=beispielprojekt-abwasser-1\">\n\t\t\t\t\t\tKanalerneuerung und Oberfl\u00e4chensanierung in der Feldstra\u00dfe in Rhede\t\t\t\t\t<\/a>\n\t\t\t\t<\/h4>\n\t\t\t\n\t\t\t\t\t\t\t\t\n\t\t\n\t\t\t\t\t\t<a class=\"fusion-link-wrapper\" href=\"https:\/\/flick-ing.de\/?avada_portfolio=beispielprojekt-abwasser-1\" aria-label=\"Kanalerneuerung und Oberfl\u00e4chensanierung in der Feldstra\u00dfe in Rhede\"><\/a>\n\t<\/div>\n<\/div>\n<\/div>\n<\/div><\/article><\/div><\/div><div class=\"fusion-clearfix\"><\/div><\/div><\/div><\/div><\/div><\/p>\n","protected":false},"excerpt":{"rendered":"","protected":false},"author":6,"featured_media":0,"parent":0,"menu_order":0,"comment_status":"closed","ping_status":"closed","template":"100-width.php","meta":{"footnotes":""},"class_list":["post-1145","page","type-page","status-publish","hentry"],"_links":{"self":[{"href":"https:\/\/flick-ing.de\/index.php?rest_route=\/wp\/v2\/pages\/1145","targetHints":{"allow":["GET"]}}],"collection":[{"href":"https:\/\/flick-ing.de\/index.php?rest_route=\/wp\/v2\/pages"}],"about":[{"href":"https:\/\/flick-ing.de\/index.php?rest_route=\/wp\/v2\/types\/page"}],"author":[{"embeddable":true,"href":"https:\/\/flick-ing.de\/index.php?rest_route=\/wp\/v2\/users\/6"}],"replies":[{"embeddable":true,"href":"https:\/\/flick-ing.de\/index.php?rest_route=%2Fwp%2Fv2%2Fcomments&post=1145"}],"version-history":[{"count":12,"href":"https:\/\/flick-ing.de\/index.php?rest_route=\/wp\/v2\/pages\/1145\/revisions"}],"predecessor-version":[{"id":2885,"href":"https:\/\/flick-ing.de\/index.php?rest_route=\/wp\/v2\/pages\/1145\/revisions\/2885"}],"wp:attachment":[{"href":"https:\/\/flick-ing.de\/index.php?rest_route=%2Fwp%2Fv2%2Fmedia&parent=1145"}],"curies":[{"name":"wp","href":"https:\/\/api.w.org\/{rel}","templated":true}]}}