{"id":1146,"date":"2020-08-24T12:18:04","date_gmt":"2020-08-24T10:18:04","guid":{"rendered":"http:\/\/staging.flick-ingenieurgemeinschaft.de\/?page_id=1146"},"modified":"2026-04-22T13:25:57","modified_gmt":"2026-04-22T11:25:57","slug":"infrastruktur","status":"publish","type":"page","link":"https:\/\/flick-ing.de\/?page_id=1146","title":{"rendered":"Infrastruktur"},"content":{"rendered":"<p><div class=\"fusion-fullwidth fullwidth-box fusion-builder-row-1 nonhundred-percent-fullwidth non-hundred-percent-height-scrolling\" style=\"--awb-border-radius-top-left:0px;--awb-border-radius-top-right:0px;--awb-border-radius-bottom-right:0px;--awb-border-radius-bottom-left:0px;--awb-padding-top:0px;--awb-padding-right:0px;--awb-padding-bottom:0px;--awb-padding-left:0px;--awb-margin-top:3px;--awb-margin-bottom:3px;--awb-flex-wrap:wrap;\" ><div class=\"fusion-builder-row fusion-row\"><div class=\"fusion-layout-column fusion_builder_column fusion-builder-column-0 fusion_builder_column_1_1 1_1 fusion-one-full fusion-column-first fusion-column-last\" style=\"--awb-padding-top:20px;--awb-padding-right:30px;--awb-padding-bottom:20px;--awb-padding-left:30px;--awb-bg-color:#ea5d0b;--awb-bg-color-hover:#ea5d0b;--awb-bg-size:cover;--awb-margin-bottom:0px;\"><div class=\"fusion-column-wrapper fusion-column-has-shadow fusion-flex-column-wrapper-legacy\"><div class=\"fusion-title title fusion-title-1 fusion-sep-none fusion-title-text fusion-title-size-two\" style=\"--awb-text-color:#ffffff;--awb-margin-bottom:0px;--awb-sep-color:#000000;\"><h2 class=\"fusion-title-heading title-heading-left fusion-responsive-typography-calculated\" style=\"margin:0;--fontSize:32;line-height:1.5;\">Infrastruktur<\/h2><\/div><div class=\"fusion-clearfix\"><\/div><\/div><\/div><\/div><\/div><div class=\"fusion-fullwidth fullwidth-box fusion-builder-row-2 nonhundred-percent-fullwidth non-hundred-percent-height-scrolling fusion-equal-height-columns\" style=\"--awb-border-radius-top-left:0px;--awb-border-radius-top-right:0px;--awb-border-radius-bottom-right:0px;--awb-border-radius-bottom-left:0px;--awb-padding-top:0px;--awb-padding-right:0px;--awb-padding-bottom:0px;--awb-padding-left:0px;--awb-margin-top:0px;--awb-margin-bottom:0px;--awb-flex-wrap:wrap;\" ><div class=\"fusion-builder-row fusion-row\"><div class=\"fusion-layout-column fusion_builder_column fusion-builder-column-1 fusion_builder_column_1_4 1_4 fusion-one-fourth fusion-column-first\" style=\"--awb-padding-top:30px;--awb-padding-right:30px;--awb-padding-bottom:0px;--awb-padding-left:30px;--awb-bg-color:#686868;--awb-bg-color-hover:#686868;--awb-bg-size:cover;--awb-margin-bottom:0px;width:25%;width:calc(25% - ( ( 3px ) * 0.25 ) );margin-right: 3px;\"><div class=\"fusion-column-wrapper fusion-column-has-shadow fusion-flex-column-wrapper-legacy\"><div class=\"fusion-text fusion-text-1\"><p><span style=\"color: #ffffff;\">Eine gut entwickelte Infrastruktur ist entscheidend f\u00fcr wirtschaftliches Wachstum, soziale Entwicklung und die Lebensqualit\u00e4t der Menschen. Regierungen, Unternehmen und Organisationen arbeiten zusammen, um die Infrastruktur zu planen, zu entwickeln, zu modernisieren und instand zu halten, um die Bed\u00fcrfnisse der Bev\u00f6lkerung zu erf\u00fcllen und zuk\u00fcnftige Herausforderungen zu bew\u00e4ltigen.<\/span><\/p>\n<\/div><div class=\"fusion-clearfix\"><\/div><\/div><\/div><div class=\"fusion-layout-column fusion_builder_column fusion-builder-column-2 fusion_builder_column_3_4 3_4 fusion-three-fourth fusion-column-last\" style=\"--awb-bg-color:#ffffff;--awb-bg-color-hover:#ffffff;--awb-bg-size:cover;--awb-border-color:#ffffff;--awb-border-top:0;--awb-border-right:3px;--awb-border-bottom:0;--awb-border-left:0;--awb-border-style:solid;--awb-margin-bottom:0px;width:75%;width:calc(75% - ( ( 3px ) * 0.75 ) );\" data-scroll-devices=\"small-visibility,medium-visibility,large-visibility\"><div class=\"fusion-column-wrapper fusion-column-has-shadow fusion-flex-column-wrapper-legacy\"><div class=\"fusion-recent-works fusion-portfolio-element fusion-portfolio fusion-portfolio-1 fusion-portfolio-grid fusion-portfolio-paging-none fusion-portfolio-two fusion-portfolio-no_text fusion-portfolio-rollover\" data-id=\"-rw-1\" data-columns=\"two\"><style type=\"text\/css\">.fusion-portfolio-1 .fusion-portfolio-wrapper .fusion-col-spacing{padding:1.5px;}<\/style><div class=\"fusion-portfolio-wrapper\" id=\"fusion-portfolio-1\" data-picturesize=\"fixed\" data-pages=\"2\" style=\"margin:-1.5px;\"><article id=\"portfolio-1-post-894\" class=\"fusion-portfolio-post infrastruktur fusion-col-spacing post-894\"><div class=\"fusion-portfolio-content-wrapper\" style=\"border:none;\"><span class=\"entry-title rich-snippet-hidden\">Emsfortf\u00fchrung<\/span><span class=\"vcard rich-snippet-hidden\"><span class=\"fn\"><a href=\"https:\/\/flick-ing.de\/?author=6\" title=\"Beitr\u00e4ge von Flick Ingenieurgemeinschaft\" rel=\"author\">Flick Ingenieurgemeinschaft<\/a><\/span><\/span><span class=\"updated rich-snippet-hidden\">2026-04-09T16:53:34+02:00<\/span><div  class=\"fusion-image-wrapper fusion-image-size-fixed\" aria-haspopup=\"true\">\n\t\t\t\t<img decoding=\"async\" width=\"460\" height=\"295\" src=\"https:\/\/flick-ing.de\/wp-content\/uploads\/2020\/04\/Emsfortfuehrung-feature-460x295.jpg\" class=\"attachment-portfolio-two size-portfolio-two wp-post-image\" alt=\"\" \/><div class=\"fusion-rollover\">\n\t<div class=\"fusion-rollover-content\">\n\n\t\t\t\t\t\t\t\t\t\t\t\t\t\t<a class=\"fusion-rollover-link\" href=\"https:\/\/flick-ing.de\/?avada_portfolio=emsfortfuehrung-3\">Emsfortf\u00fchrung<\/a>\n\t\t\t\n\t\t\t\t\t\t\t\t\t\t\t\t\t\t\n\t\t\t\t\t\t\t\t\n\t\t\t\t\t\t\t\t\t\t\t\t\t<div class=\"fusion-rollover-sep\"><\/div>\n\t\t\t\t\n\t\t\t\t\t\t\t\t\t\t\t\t\t\t\t\t\t\t<a class=\"fusion-rollover-gallery\" href=\"https:\/\/flick-ing.de\/wp-content\/uploads\/2020\/04\/Emsfortfuehrung-feature.jpg\" data-options=\"\" data-id=\"894\" data-rel=\"iLightbox[gallery-rw-1]\" data-title=\"Emsfortfuehrung-feature\" data-caption=\"\">\n\t\t\t\t\t\tGallerie\t\t\t\t\t<\/a>\n\t\t\t\t\t\t\t\t\t\t\t\t\t\t\n\t\t\n\t\t\t\t\t\t\t\t\t\t\t\t<h4 class=\"fusion-rollover-title\">\n\t\t\t\t\t<a class=\"fusion-rollover-title-link\" href=\"https:\/\/flick-ing.de\/?avada_portfolio=emsfortfuehrung-3\">\n\t\t\t\t\t\tEmsfortf\u00fchrung\t\t\t\t\t<\/a>\n\t\t\t\t<\/h4>\n\t\t\t\n\t\t\t\t\t\t\t\t\n\t\t\n\t\t\t\t\t\t<a class=\"fusion-link-wrapper\" href=\"https:\/\/flick-ing.de\/?avada_portfolio=emsfortfuehrung-3\" aria-label=\"Emsfortf\u00fchrung\"><\/a>\n\t<\/div>\n<\/div>\n<\/div>\n<\/div><\/article><article id=\"portfolio-1-post-1620\" class=\"fusion-portfolio-post infrastruktur fusion-col-spacing post-1620\"><div class=\"fusion-portfolio-content-wrapper\" style=\"border:none;\"><span class=\"entry-title rich-snippet-hidden\">Hecking Center Neuenkirchen<\/span><span class=\"vcard rich-snippet-hidden\"><span class=\"fn\"><a href=\"https:\/\/flick-ing.de\/?author=6\" title=\"Beitr\u00e4ge von Flick Ingenieurgemeinschaft\" rel=\"author\">Flick Ingenieurgemeinschaft<\/a><\/span><\/span><span class=\"updated rich-snippet-hidden\">2026-04-09T16:55:22+02:00<\/span><div  class=\"fusion-image-wrapper fusion-image-size-fixed\" aria-haspopup=\"true\">\n\t\t\t\t<img decoding=\"async\" width=\"460\" height=\"295\" src=\"https:\/\/flick-ing.de\/wp-content\/uploads\/2020\/09\/DSC_1129-100x100schwarz-e1606728055314-460x295.jpg\" class=\"attachment-portfolio-two size-portfolio-two wp-post-image\" alt=\"\" \/><div class=\"fusion-rollover\">\n\t<div class=\"fusion-rollover-content\">\n\n\t\t\t\t\t\t\t\t\t\t\t\t\t\t<a class=\"fusion-rollover-link\" href=\"https:\/\/flick-ing.de\/?avada_portfolio=infrastruktur2\">Hecking Center Neuenkirchen<\/a>\n\t\t\t\n\t\t\t\t\t\t\t\t\t\t\t\t\t\t\n\t\t\t\t\t\t\t\t\n\t\t\t\t\t\t\t\t\t\t\t\t\t<div class=\"fusion-rollover-sep\"><\/div>\n\t\t\t\t\n\t\t\t\t\t\t\t\t\t\t\t\t\t\t\t\t\t\t<a class=\"fusion-rollover-gallery\" href=\"https:\/\/flick-ing.de\/wp-content\/uploads\/2020\/09\/DSC_1129-100x100schwarz-e1606728055314.jpg\" data-options=\"\" data-id=\"1620\" data-rel=\"iLightbox[gallery-rw-1]\" data-title=\"DSC_1129-100x100schwarz\" data-caption=\"\">\n\t\t\t\t\t\tGallerie\t\t\t\t\t<\/a>\n\t\t\t\t\t\t\t\t\t\t\t\t\t\t\n\t\t\n\t\t\t\t\t\t\t\t\t\t\t\t<h4 class=\"fusion-rollover-title\">\n\t\t\t\t\t<a class=\"fusion-rollover-title-link\" href=\"https:\/\/flick-ing.de\/?avada_portfolio=infrastruktur2\">\n\t\t\t\t\t\tHecking Center Neuenkirchen\t\t\t\t\t<\/a>\n\t\t\t\t<\/h4>\n\t\t\t\n\t\t\t\t\t\t\t\t\n\t\t\n\t\t\t\t\t\t<a class=\"fusion-link-wrapper\" href=\"https:\/\/flick-ing.de\/?avada_portfolio=infrastruktur2\" aria-label=\"Hecking Center Neuenkirchen\"><\/a>\n\t<\/div>\n<\/div>\n<\/div>\n<\/div><\/article><article id=\"portfolio-1-post-277\" class=\"fusion-portfolio-post infrastruktur fusion-col-spacing post-277\"><div class=\"fusion-portfolio-content-wrapper\" style=\"border:none;\"><span class=\"entry-title rich-snippet-hidden\">Neue Uferbereiche der Bocholter Aa<\/span><span class=\"vcard rich-snippet-hidden\"><span class=\"fn\"><a href=\"https:\/\/flick-ing.de\/?author=6\" title=\"Beitr\u00e4ge von Flick Ingenieurgemeinschaft\" rel=\"author\">Flick Ingenieurgemeinschaft<\/a><\/span><\/span><span class=\"updated rich-snippet-hidden\">2026-04-09T16:54:09+02:00<\/span><div  class=\"fusion-image-wrapper fusion-image-size-fixed\" aria-haspopup=\"true\">\n\t\t\t\t<img decoding=\"async\" width=\"460\" height=\"295\" src=\"https:\/\/flick-ing.de\/wp-content\/uploads\/2020\/02\/Borkener_AA-feature-460x295.jpg\" class=\"attachment-portfolio-two size-portfolio-two wp-post-image\" alt=\"\" \/><div class=\"fusion-rollover\">\n\t<div class=\"fusion-rollover-content\">\n\n\t\t\t\t\t\t\t\t\t\t\t\t\t\t<a class=\"fusion-rollover-link\" href=\"https:\/\/flick-ing.de\/?avada_portfolio=bocholter-aa\">Neue Uferbereiche der Bocholter Aa<\/a>\n\t\t\t\n\t\t\t\t\t\t\t\t\t\t\t\t\t\t\n\t\t\t\t\t\t\t\t\n\t\t\t\t\t\t\t\t\t\t\t\t\t<div class=\"fusion-rollover-sep\"><\/div>\n\t\t\t\t\n\t\t\t\t\t\t\t\t\t\t\t\t\t\t\t\t\t\t<a class=\"fusion-rollover-gallery\" href=\"https:\/\/flick-ing.de\/wp-content\/uploads\/2020\/02\/Borkener_AA-feature.jpg\" data-options=\"\" data-id=\"277\" data-rel=\"iLightbox[gallery-rw-1]\" data-title=\"Borkener_AA-feature\" data-caption=\"\">\n\t\t\t\t\t\tGallerie\t\t\t\t\t<\/a>\n\t\t\t\t\t\t\t\t\t\t\t\t\t\t\n\t\t\n\t\t\t\t\t\t\t\t\t\t\t\t<h4 class=\"fusion-rollover-title\">\n\t\t\t\t\t<a class=\"fusion-rollover-title-link\" href=\"https:\/\/flick-ing.de\/?avada_portfolio=bocholter-aa\">\n\t\t\t\t\t\tNeue Uferbereiche der Bocholter Aa\t\t\t\t\t<\/a>\n\t\t\t\t<\/h4>\n\t\t\t\n\t\t\t\t\t\t\t\t\n\t\t\n\t\t\t\t\t\t<a class=\"fusion-link-wrapper\" href=\"https:\/\/flick-ing.de\/?avada_portfolio=bocholter-aa\" aria-label=\"Neue Uferbereiche der Bocholter Aa\"><\/a>\n\t<\/div>\n<\/div>\n<\/div>\n<\/div><\/article><article id=\"portfolio-1-post-823\" class=\"fusion-portfolio-post infrastruktur fusion-col-spacing post-823\"><div class=\"fusion-portfolio-content-wrapper\" style=\"border:none;\"><span class=\"entry-title rich-snippet-hidden\">Sharing-Ansatz am IT-Campus<\/span><span class=\"vcard rich-snippet-hidden\"><span class=\"fn\"><a href=\"https:\/\/flick-ing.de\/?author=6\" title=\"Beitr\u00e4ge von Flick Ingenieurgemeinschaft\" rel=\"author\">Flick Ingenieurgemeinschaft<\/a><\/span><\/span><span class=\"updated rich-snippet-hidden\">2026-04-09T16:54:42+02:00<\/span><div  class=\"fusion-image-wrapper fusion-image-size-fixed\" aria-haspopup=\"true\">\n\t\t\t\t<img decoding=\"async\" width=\"460\" height=\"295\" src=\"https:\/\/flick-ing.de\/wp-content\/uploads\/2020\/04\/it_campus-feature-460x295.jpg\" class=\"attachment-portfolio-two size-portfolio-two wp-post-image\" alt=\"\" \/><div class=\"fusion-rollover\">\n\t<div class=\"fusion-rollover-content\">\n\n\t\t\t\t\t\t\t\t\t\t\t\t\t\t<a class=\"fusion-rollover-link\" href=\"https:\/\/flick-ing.de\/?avada_portfolio=it-campus\">Sharing-Ansatz am IT-Campus<\/a>\n\t\t\t\n\t\t\t\t\t\t\t\t\t\t\t\t\t\t\n\t\t\t\t\t\t\t\t\n\t\t\t\t\t\t\t\t\t\t\t\t\t<div class=\"fusion-rollover-sep\"><\/div>\n\t\t\t\t\n\t\t\t\t\t\t\t\t\t\t\t\t\t\t\t\t\t\t<a class=\"fusion-rollover-gallery\" href=\"https:\/\/flick-ing.de\/wp-content\/uploads\/2020\/04\/it_campus-feature.jpg\" data-options=\"\" data-id=\"823\" data-rel=\"iLightbox[gallery-rw-1]\" data-title=\"it_campus-feature\" data-caption=\"\">\n\t\t\t\t\t\tGallerie\t\t\t\t\t<\/a>\n\t\t\t\t\t\t\t\t\t\t\t\t\t\t\n\t\t\n\t\t\t\t\t\t\t\t\t\t\t\t<h4 class=\"fusion-rollover-title\">\n\t\t\t\t\t<a class=\"fusion-rollover-title-link\" href=\"https:\/\/flick-ing.de\/?avada_portfolio=it-campus\">\n\t\t\t\t\t\tSharing-Ansatz am IT-Campus\t\t\t\t\t<\/a>\n\t\t\t\t<\/h4>\n\t\t\t\n\t\t\t\t\t\t\t\t\n\t\t\n\t\t\t\t\t\t<a class=\"fusion-link-wrapper\" href=\"https:\/\/flick-ing.de\/?avada_portfolio=it-campus\" aria-label=\"Sharing-Ansatz am IT-Campus\"><\/a>\n\t<\/div>\n<\/div>\n<\/div>\n<\/div><\/article><\/div><\/div><div class=\"fusion-clearfix\"><\/div><\/div><\/div><\/div><\/div><\/p>\n","protected":false},"excerpt":{"rendered":"","protected":false},"author":6,"featured_media":0,"parent":0,"menu_order":0,"comment_status":"closed","ping_status":"closed","template":"100-width.php","meta":{"footnotes":""},"class_list":["post-1146","page","type-page","status-publish","hentry"],"_links":{"self":[{"href":"https:\/\/flick-ing.de\/index.php?rest_route=\/wp\/v2\/pages\/1146","targetHints":{"allow":["GET"]}}],"collection":[{"href":"https:\/\/flick-ing.de\/index.php?rest_route=\/wp\/v2\/pages"}],"about":[{"href":"https:\/\/flick-ing.de\/index.php?rest_route=\/wp\/v2\/types\/page"}],"author":[{"embeddable":true,"href":"https:\/\/flick-ing.de\/index.php?rest_route=\/wp\/v2\/users\/6"}],"replies":[{"embeddable":true,"href":"https:\/\/flick-ing.de\/index.php?rest_route=%2Fwp%2Fv2%2Fcomments&post=1146"}],"version-history":[{"count":8,"href":"https:\/\/flick-ing.de\/index.php?rest_route=\/wp\/v2\/pages\/1146\/revisions"}],"predecessor-version":[{"id":2894,"href":"https:\/\/flick-ing.de\/index.php?rest_route=\/wp\/v2\/pages\/1146\/revisions\/2894"}],"wp:attachment":[{"href":"https:\/\/flick-ing.de\/index.php?rest_route=%2Fwp%2Fv2%2Fmedia&parent=1146"}],"curies":[{"name":"wp","href":"https:\/\/api.w.org\/{rel}","templated":true}]}}