{"id":1148,"date":"2020-08-24T12:19:31","date_gmt":"2020-08-24T10:19:31","guid":{"rendered":"http:\/\/staging.flick-ingenieurgemeinschaft.de\/?page_id=1148"},"modified":"2026-04-22T13:28:07","modified_gmt":"2026-04-22T11:28:07","slug":"rohstoffe","status":"publish","type":"page","link":"https:\/\/flick-ing.de\/?page_id=1148","title":{"rendered":"Rohstoffgewinnung"},"content":{"rendered":"<p><div class=\"fusion-fullwidth fullwidth-box fusion-builder-row-1 nonhundred-percent-fullwidth non-hundred-percent-height-scrolling\" style=\"--awb-border-radius-top-left:0px;--awb-border-radius-top-right:0px;--awb-border-radius-bottom-right:0px;--awb-border-radius-bottom-left:0px;--awb-padding-top:0px;--awb-padding-right:0px;--awb-padding-bottom:0px;--awb-padding-left:0px;--awb-margin-top:3px;--awb-margin-bottom:3px;--awb-flex-wrap:wrap;\" ><div class=\"fusion-builder-row fusion-row\"><div class=\"fusion-layout-column fusion_builder_column fusion-builder-column-0 fusion_builder_column_1_1 1_1 fusion-one-full fusion-column-first fusion-column-last\" style=\"--awb-padding-top:20px;--awb-padding-right:30px;--awb-padding-bottom:20px;--awb-padding-left:30px;--awb-bg-color:#ea5d0b;--awb-bg-color-hover:#ea5d0b;--awb-bg-size:cover;--awb-margin-bottom:0px;\"><div class=\"fusion-column-wrapper fusion-column-has-shadow fusion-flex-column-wrapper-legacy\"><div class=\"fusion-title title fusion-title-1 fusion-sep-none fusion-title-text fusion-title-size-two\" style=\"--awb-text-color:#ffffff;--awb-margin-bottom:0px;--awb-sep-color:#000000;\"><h2 class=\"fusion-title-heading title-heading-left fusion-responsive-typography-calculated\" style=\"margin:0;--fontSize:32;line-height:1.5;\">Rohstoffgewinnung<\/h2><\/div><div class=\"fusion-clearfix\"><\/div><\/div><\/div><\/div><\/div><div class=\"fusion-fullwidth fullwidth-box fusion-builder-row-2 nonhundred-percent-fullwidth non-hundred-percent-height-scrolling fusion-equal-height-columns\" style=\"--awb-border-radius-top-left:0px;--awb-border-radius-top-right:0px;--awb-border-radius-bottom-right:0px;--awb-border-radius-bottom-left:0px;--awb-padding-top:0px;--awb-padding-right:0px;--awb-padding-bottom:0px;--awb-padding-left:0px;--awb-margin-top:0px;--awb-margin-bottom:0px;--awb-flex-wrap:wrap;\" ><div class=\"fusion-builder-row fusion-row\"><div class=\"fusion-layout-column fusion_builder_column fusion-builder-column-1 fusion_builder_column_1_3 1_3 fusion-one-third fusion-column-first\" style=\"--awb-padding-top:30px;--awb-padding-right:30px;--awb-padding-bottom:0px;--awb-padding-left:30px;--awb-bg-color:#686868;--awb-bg-color-hover:#686868;--awb-bg-size:cover;--awb-margin-bottom:0px;width:33.333333333333%;width:calc(33.333333333333% - ( ( 3px ) * 0.33333333333333 ) );margin-right: 3px;\" data-scroll-devices=\"small-visibility,medium-visibility,large-visibility\"><div class=\"fusion-column-wrapper fusion-column-has-shadow fusion-flex-column-wrapper-legacy\"><div class=\"fusion-text fusion-text-1\"><p><span style=\"color: #ffffff;\">Bei der Gewinnung der im M\u00fcnsterland reichlich vorkommenden Bodensch\u00e4tzen wie Sandstein, Ton und Sand ist eine sorgf\u00e4ltige Abw\u00e4gung zwischen wirtschaftlichen Interessen, Umwelt- und Naturschutz sowie gesellschaftlichen Anforderungen. Wichtige Aspekte bei der Sicherung von Rohstoffen sind die Standortwahl im Einklang mit der Raumordnung und den bestehenden Nutzungen, Minimierung von Immissionen wie L\u00e4rm und Staub, die Einbindung in das Landschaftsbild und eine fachgerechte Rekultivierung bzw. Nachnutzung der Fl\u00e4chen. Ziel ist eine nachhaltige und integrierte Planung, die \u00f6konomische, \u00f6kologische und soziale Belange miteinander verbindet.<\/span><\/p>\n<\/div><div class=\"fusion-clearfix\"><\/div><\/div><\/div><div class=\"fusion-layout-column fusion_builder_column fusion-builder-column-2 fusion_builder_column_2_3 2_3 fusion-two-third fusion-column-last\" style=\"--awb-bg-color:#ffffff;--awb-bg-color-hover:#ffffff;--awb-bg-size:cover;--awb-border-color:#ffffff;--awb-border-top:0;--awb-border-right:3px;--awb-border-bottom:0;--awb-border-left:0;--awb-border-style:solid;--awb-margin-bottom:0px;width:66.666666666667%;width:calc(66.666666666667% - ( ( 3px ) * 0.66666666666667 ) );\" data-scroll-devices=\"small-visibility,medium-visibility,large-visibility\"><div class=\"fusion-column-wrapper fusion-column-has-shadow fusion-flex-column-wrapper-legacy\"><div class=\"fusion-recent-works fusion-portfolio-element fusion-portfolio fusion-portfolio-1 fusion-portfolio-grid fusion-portfolio-paging-none fusion-portfolio-two fusion-portfolio-no_text fusion-portfolio-rollover\" data-id=\"-rw-1\" data-columns=\"two\"><style type=\"text\/css\">.fusion-portfolio-1 .fusion-portfolio-wrapper .fusion-col-spacing{padding:1.5px;}<\/style><div class=\"fusion-portfolio-wrapper\" id=\"fusion-portfolio-1\" data-picturesize=\"fixed\" data-pages=\"1\" style=\"margin:-1.5px;\"><article id=\"portfolio-1-post-2800\" class=\"fusion-portfolio-post rohstoffe fusion-col-spacing post-2800\"><div class=\"fusion-portfolio-content-wrapper\" style=\"border:none;\"><span class=\"entry-title rich-snippet-hidden\">Antrag auf Genehmigung eines Neuaufschlusses<\/span><span class=\"vcard rich-snippet-hidden\"><span class=\"fn\"><a href=\"https:\/\/flick-ing.de\/?author=3\" title=\"Beitr\u00e4ge von Niels Flick\" rel=\"author\">Niels Flick<\/a><\/span><\/span><span class=\"updated rich-snippet-hidden\">2026-04-09T17:08:38+02:00<\/span><div  class=\"fusion-image-wrapper fusion-image-size-fixed\" aria-haspopup=\"true\">\n\t\t\t\t<img decoding=\"async\" width=\"460\" height=\"295\" src=\"https:\/\/flick-ing.de\/wp-content\/uploads\/2026\/02\/IMG_5319_Archaeologie-460x295.jpg\" class=\"attachment-portfolio-two size-portfolio-two wp-post-image\" alt=\"\" \/><div class=\"fusion-rollover\">\n\t<div class=\"fusion-rollover-content\">\n\n\t\t\t\t\t\t\t\t\t\t\t\t\t\t<a class=\"fusion-rollover-link\" href=\"https:\/\/flick-ing.de\/?avada_portfolio=antrag-auf-genehmigung-eines-neuaufschlusses-westermann-gmbh-co-kg-in-westerkappeln\">Antrag auf Genehmigung eines Neuaufschlusses<\/a>\n\t\t\t\n\t\t\t\t\t\t\t\t\t\t\t\t\t\t\n\t\t\t\t\t\t\t\t\n\t\t\t\t\t\t\t\t\t\t\t\t\t<div class=\"fusion-rollover-sep\"><\/div>\n\t\t\t\t\n\t\t\t\t\t\t\t\t\t\t\t\t\t\t\t\t\t\t<a class=\"fusion-rollover-gallery\" href=\"https:\/\/flick-ing.de\/wp-content\/uploads\/2026\/02\/IMG_5319_Archaeologie-e1772098928631.jpg\" data-options=\"\" data-id=\"2800\" data-rel=\"iLightbox[gallery-rw-1]\" data-title=\"IMG_5319_Arch\u00e4ologie\" data-caption=\"\">\n\t\t\t\t\t\tGallerie\t\t\t\t\t<\/a>\n\t\t\t\t\t\t\t\t\t\t\t\t\t\t\n\t\t\n\t\t\t\t\t\t\t\t\t\t\t\t<h4 class=\"fusion-rollover-title\">\n\t\t\t\t\t<a class=\"fusion-rollover-title-link\" href=\"https:\/\/flick-ing.de\/?avada_portfolio=antrag-auf-genehmigung-eines-neuaufschlusses-westermann-gmbh-co-kg-in-westerkappeln\">\n\t\t\t\t\t\tAntrag auf Genehmigung eines Neuaufschlusses\t\t\t\t\t<\/a>\n\t\t\t\t<\/h4>\n\t\t\t\n\t\t\t\t\t\t\t\t\n\t\t\n\t\t\t\t\t\t<a class=\"fusion-link-wrapper\" href=\"https:\/\/flick-ing.de\/?avada_portfolio=antrag-auf-genehmigung-eines-neuaufschlusses-westermann-gmbh-co-kg-in-westerkappeln\" aria-label=\"Antrag auf Genehmigung eines Neuaufschlusses\"><\/a>\n\t<\/div>\n<\/div>\n<\/div>\n<\/div><\/article><article id=\"portfolio-1-post-2907\" class=\"fusion-portfolio-post rohstoffe fusion-col-spacing post-2907\"><div class=\"fusion-portfolio-content-wrapper\" style=\"border:none;\"><span class=\"entry-title rich-snippet-hidden\">Erweiterung<\/span><span class=\"vcard rich-snippet-hidden\"><span class=\"fn\"><a href=\"https:\/\/flick-ing.de\/?author=1\" title=\"Beitr\u00e4ge von leusmann\" rel=\"author\">leusmann<\/a><\/span><\/span><span class=\"updated rich-snippet-hidden\">2026-04-09T17:10:41+02:00<\/span><div  class=\"fusion-image-wrapper fusion-image-size-fixed\" aria-haspopup=\"true\">\n\t\t\t\t<img decoding=\"async\" width=\"460\" height=\"295\" src=\"https:\/\/flick-ing.de\/wp-content\/uploads\/2026\/02\/IMG_7933-460x295.jpg\" class=\"attachment-portfolio-two size-portfolio-two wp-post-image\" alt=\"\" \/><div class=\"fusion-rollover\">\n\t<div class=\"fusion-rollover-content\">\n\n\t\t\t\t\t\t\t\t\t\t\t\t\t\t<a class=\"fusion-rollover-link\" href=\"https:\/\/flick-ing.de\/?avada_portfolio=beispielprojekt-rohstoffe-2\">Erweiterung<\/a>\n\t\t\t\n\t\t\t\t\t\t\t\t\t\t\t\t\t\t\n\t\t\t\t\t\t\t\t\n\t\t\t\t\t\t\t\t\t\t\t\t\t<div class=\"fusion-rollover-sep\"><\/div>\n\t\t\t\t\n\t\t\t\t\t\t\t\t\t\t\t\t\t\t\t\t\t\t<a class=\"fusion-rollover-gallery\" href=\"https:\/\/flick-ing.de\/wp-content\/uploads\/2026\/02\/IMG_7933-e1772100968568.jpg\" data-options=\"\" data-id=\"2907\" data-rel=\"iLightbox[gallery-rw-1]\" data-title=\"IMG_7933\" data-caption=\"\">\n\t\t\t\t\t\tGallerie\t\t\t\t\t<\/a>\n\t\t\t\t\t\t\t\t\t\t\t\t\t\t\n\t\t\n\t\t\t\t\t\t\t\t\t\t\t\t<h4 class=\"fusion-rollover-title\">\n\t\t\t\t\t<a class=\"fusion-rollover-title-link\" href=\"https:\/\/flick-ing.de\/?avada_portfolio=beispielprojekt-rohstoffe-2\">\n\t\t\t\t\t\tErweiterung\t\t\t\t\t<\/a>\n\t\t\t\t<\/h4>\n\t\t\t\n\t\t\t\t\t\t\t\t\n\t\t\n\t\t\t\t\t\t<a class=\"fusion-link-wrapper\" href=\"https:\/\/flick-ing.de\/?avada_portfolio=beispielprojekt-rohstoffe-2\" aria-label=\"Erweiterung\"><\/a>\n\t<\/div>\n<\/div>\n<\/div>\n<\/div><\/article><article id=\"portfolio-1-post-3028\" class=\"fusion-portfolio-post rohstoffe fusion-col-spacing post-3028\"><div class=\"fusion-portfolio-content-wrapper\" style=\"border:none;\"><span class=\"entry-title rich-snippet-hidden\">Umstellung nach BImSchG und Vertiefung<\/span><span class=\"vcard rich-snippet-hidden\"><span class=\"fn\"><a href=\"https:\/\/flick-ing.de\/?author=3\" title=\"Beitr\u00e4ge von Niels Flick\" rel=\"author\">Niels Flick<\/a><\/span><\/span><span class=\"updated rich-snippet-hidden\">2026-04-09T17:13:04+02:00<\/span><div  class=\"fusion-image-wrapper fusion-image-size-fixed\" aria-haspopup=\"true\">\n\t\t\t\t<img decoding=\"async\" width=\"460\" height=\"295\" src=\"https:\/\/flick-ing.de\/wp-content\/uploads\/2026\/02\/IMG_3817-460x295.jpg\" class=\"attachment-portfolio-two size-portfolio-two wp-post-image\" alt=\"\" \/><div class=\"fusion-rollover\">\n\t<div class=\"fusion-rollover-content\">\n\n\t\t\t\t\t\t\t\t\t\t\t\t\t\t<a class=\"fusion-rollover-link\" href=\"https:\/\/flick-ing.de\/?avada_portfolio=beispielprojekt-rohstoffe-4\">Umstellung nach BImSchG und Vertiefung<\/a>\n\t\t\t\n\t\t\t\t\t\t\t\t\t\t\t\t\t\t\n\t\t\t\t\t\t\t\t\n\t\t\t\t\t\t\t\t\t\t\t\t\t<div class=\"fusion-rollover-sep\"><\/div>\n\t\t\t\t\n\t\t\t\t\t\t\t\t\t\t\t\t\t\t\t\t\t\t<a class=\"fusion-rollover-gallery\" href=\"https:\/\/flick-ing.de\/wp-content\/uploads\/2026\/02\/IMG_3817-e1772100465643.jpg\" data-options=\"\" data-id=\"3028\" data-rel=\"iLightbox[gallery-rw-1]\" data-title=\"IMG_3817\" data-caption=\"\">\n\t\t\t\t\t\tGallerie\t\t\t\t\t<\/a>\n\t\t\t\t\t\t\t\t\t\t\t\t\t\t\n\t\t\n\t\t\t\t\t\t\t\t\t\t\t\t<h4 class=\"fusion-rollover-title\">\n\t\t\t\t\t<a class=\"fusion-rollover-title-link\" href=\"https:\/\/flick-ing.de\/?avada_portfolio=beispielprojekt-rohstoffe-4\">\n\t\t\t\t\t\tUmstellung nach BImSchG und Vertiefung\t\t\t\t\t<\/a>\n\t\t\t\t<\/h4>\n\t\t\t\n\t\t\t\t\t\t\t\t\n\t\t\n\t\t\t\t\t\t<a class=\"fusion-link-wrapper\" href=\"https:\/\/flick-ing.de\/?avada_portfolio=beispielprojekt-rohstoffe-4\" aria-label=\"Umstellung nach BImSchG und Vertiefung\"><\/a>\n\t<\/div>\n<\/div>\n<\/div>\n<\/div><\/article><article id=\"portfolio-1-post-2905\" class=\"fusion-portfolio-post rohstoffe fusion-col-spacing post-2905\"><div class=\"fusion-portfolio-content-wrapper\" style=\"border:none;\"><span class=\"entry-title rich-snippet-hidden\">Verl\u00e4ngerung<\/span><span class=\"vcard rich-snippet-hidden\"><span class=\"fn\"><a href=\"https:\/\/flick-ing.de\/?author=1\" title=\"Beitr\u00e4ge von leusmann\" rel=\"author\">leusmann<\/a><\/span><\/span><span class=\"updated rich-snippet-hidden\">2026-04-09T17:15:12+02:00<\/span><div  class=\"fusion-image-wrapper fusion-image-size-fixed\" aria-haspopup=\"true\">\n\t\t\t\t<img decoding=\"async\" width=\"460\" height=\"295\" src=\"https:\/\/flick-ing.de\/wp-content\/uploads\/2026\/02\/IMG_8963-460x295.jpg\" class=\"attachment-portfolio-two size-portfolio-two wp-post-image\" alt=\"\" \/><div class=\"fusion-rollover\">\n\t<div class=\"fusion-rollover-content\">\n\n\t\t\t\t\t\t\t\t\t\t\t\t\t\t<a class=\"fusion-rollover-link\" href=\"https:\/\/flick-ing.de\/?avada_portfolio=beispielprojekt-rohstoffe-1\">Verl\u00e4ngerung<\/a>\n\t\t\t\n\t\t\t\t\t\t\t\t\t\t\t\t\t\t\n\t\t\t\t\t\t\t\t\n\t\t\t\t\t\t\t\t\t\t\t\t\t<div class=\"fusion-rollover-sep\"><\/div>\n\t\t\t\t\n\t\t\t\t\t\t\t\t\t\t\t\t\t\t\t\t\t\t<a class=\"fusion-rollover-gallery\" href=\"https:\/\/flick-ing.de\/wp-content\/uploads\/2026\/02\/IMG_8963-e1772099877903.jpg\" data-options=\"\" data-id=\"2905\" data-rel=\"iLightbox[gallery-rw-1]\" data-title=\"IMG_8963\" data-caption=\"\">\n\t\t\t\t\t\tGallerie\t\t\t\t\t<\/a>\n\t\t\t\t\t\t\t\t\t\t\t\t\t\t\n\t\t\n\t\t\t\t\t\t\t\t\t\t\t\t<h4 class=\"fusion-rollover-title\">\n\t\t\t\t\t<a class=\"fusion-rollover-title-link\" href=\"https:\/\/flick-ing.de\/?avada_portfolio=beispielprojekt-rohstoffe-1\">\n\t\t\t\t\t\tVerl\u00e4ngerung\t\t\t\t\t<\/a>\n\t\t\t\t<\/h4>\n\t\t\t\n\t\t\t\t\t\t\t\t\n\t\t\n\t\t\t\t\t\t<a class=\"fusion-link-wrapper\" href=\"https:\/\/flick-ing.de\/?avada_portfolio=beispielprojekt-rohstoffe-1\" aria-label=\"Verl\u00e4ngerung\"><\/a>\n\t<\/div>\n<\/div>\n<\/div>\n<\/div><\/article><\/div><\/div><div class=\"fusion-clearfix\"><\/div><\/div><\/div><\/div><\/div><\/p>\n","protected":false},"excerpt":{"rendered":"","protected":false},"author":6,"featured_media":0,"parent":0,"menu_order":0,"comment_status":"closed","ping_status":"closed","template":"100-width.php","meta":{"footnotes":""},"class_list":["post-1148","page","type-page","status-publish","hentry"],"_links":{"self":[{"href":"https:\/\/flick-ing.de\/index.php?rest_route=\/wp\/v2\/pages\/1148","targetHints":{"allow":["GET"]}}],"collection":[{"href":"https:\/\/flick-ing.de\/index.php?rest_route=\/wp\/v2\/pages"}],"about":[{"href":"https:\/\/flick-ing.de\/index.php?rest_route=\/wp\/v2\/types\/page"}],"author":[{"embeddable":true,"href":"https:\/\/flick-ing.de\/index.php?rest_route=\/wp\/v2\/users\/6"}],"replies":[{"embeddable":true,"href":"https:\/\/flick-ing.de\/index.php?rest_route=%2Fwp%2Fv2%2Fcomments&post=1148"}],"version-history":[{"count":12,"href":"https:\/\/flick-ing.de\/index.php?rest_route=\/wp\/v2\/pages\/1148\/revisions"}],"predecessor-version":[{"id":3686,"href":"https:\/\/flick-ing.de\/index.php?rest_route=\/wp\/v2\/pages\/1148\/revisions\/3686"}],"wp:attachment":[{"href":"https:\/\/flick-ing.de\/index.php?rest_route=%2Fwp%2Fv2%2Fmedia&parent=1148"}],"curies":[{"name":"wp","href":"https:\/\/api.w.org\/{rel}","templated":true}]}}