{"id":30,"date":"2020-01-31T12:31:59","date_gmt":"2020-01-31T11:31:59","guid":{"rendered":"http:\/\/flick.trivendi.de\/?page_id=30"},"modified":"2022-06-23T15:36:09","modified_gmt":"2022-06-23T13:36:09","slug":"impressum","status":"publish","type":"page","link":"https:\/\/flick-ing.de\/?page_id=30","title":{"rendered":"Impressum"},"content":{"rendered":"<p><div class=\"fusion-fullwidth fullwidth-box fusion-builder-row-1 nonhundred-percent-fullwidth non-hundred-percent-height-scrolling\" style=\"--awb-border-radius-top-left:0px;--awb-border-radius-top-right:0px;--awb-border-radius-bottom-right:0px;--awb-border-radius-bottom-left:0px;--awb-padding-top:0px;--awb-padding-right:0px;--awb-padding-bottom:0px;--awb-padding-left:0px;--awb-margin-top:0px;--awb-margin-bottom:0px;--awb-background-color:#ffffff;--awb-border-sizes-top:0px;--awb-border-sizes-bottom:0px;--awb-flex-wrap:wrap;\" ><div class=\"fusion-builder-row fusion-row\"><div class=\"fusion-layout-column fusion_builder_column fusion-builder-column-0 fusion_builder_column_1_1 1_1 fusion-one-full fusion-column-first fusion-column-last\" style=\"--awb-padding-top:20px;--awb-padding-right:30px;--awb-padding-bottom:20px;--awb-padding-left:30px;--awb-bg-color:#ea5d0b;--awb-bg-color-hover:#ea5d0b;--awb-bg-size:cover;--awb-margin-top:3px;--awb-margin-bottom:3px;\"><div class=\"fusion-column-wrapper fusion-column-has-shadow fusion-flex-column-wrapper-legacy\"><div class=\"fusion-title title fusion-title-1 fusion-sep-none fusion-title-text fusion-title-size-two\" style=\"--awb-text-color:#ffffff;--awb-margin-bottom:0px;--awb-sep-color:#000000;\"><h2 class=\"fusion-title-heading title-heading-left fusion-responsive-typography-calculated\" style=\"margin:0;--fontSize:32;line-height:1.5;\">Impressum<\/h2><\/div><div class=\"fusion-clearfix\"><\/div><\/div><\/div><\/div><\/div><div class=\"fusion-fullwidth fullwidth-box fusion-builder-row-2 nonhundred-percent-fullwidth non-hundred-percent-height-scrolling\" style=\"--link_hover_color: #ea5d0b;--awb-border-radius-top-left:0px;--awb-border-radius-top-right:0px;--awb-border-radius-bottom-right:0px;--awb-border-radius-bottom-left:0px;--awb-background-color:#d1d1cf;--awb-flex-wrap:wrap;\" ><div class=\"fusion-builder-row fusion-row\"><div class=\"fusion-layout-column fusion_builder_column fusion-builder-column-1 fusion_builder_column_1_1 1_1 fusion-one-full fusion-column-first fusion-column-last\" style=\"--awb-bg-size:cover;--awb-margin-top:20px;\"><div class=\"fusion-column-wrapper fusion-column-has-shadow fusion-flex-column-wrapper-legacy\"><div class=\"fusion-text fusion-text-1\"><p><span style=\"color: #686868;\"><strong>Verantwortlich f\u00fcr den Inhalt dieser Webpr\u00e4senz ist:<\/strong><\/span><\/p>\n<p><span style=\"color: #686868;\">Flick Ingenieurgemeinschaft<\/span><br \/>\n<span style=\"color: #686868;\">Neumarkt 31<\/span><br \/>\n<span style=\"color: #686868;\">49477 Ibbenb\u00fcren<\/span><br \/>\n<span style=\"color: #686868;\">Telefon: +49 5451 91053<\/span><br \/>\n<span style=\"color: #686868;\">Telefax: +49 5451 910555<\/span><\/p>\n<p><span style=\"color: #686868;\">E-Mail: <a href=\"mailto:info@ing-flick.de\">info@ing-flick.de<\/a><\/span><br \/>\n<span style=\"color: #686868;\">Internet: <a href=\"http:\/\/www.ing-flick.de\">www.ing-flick.de<\/a><\/span><br \/>\n<span style=\"color: #686868;\">Inhaber: Hans-Georg Flick<\/span><\/p>\n<p><span style=\"color: #686868;\">Umsatzsteuer-Identifikationsnummer gem\u00e4\u00df<\/span><br \/>\n<span style=\"color: #686868;\">\u00a7 27 a Umsatzsteuergesetz: DE 197 847 123<\/span><\/p>\n<p><span style=\"color: #686868;\"><strong>Der Datenschutzbeauftragte des f\u00fcr die Verarbeitung Verantwortlichen ist<\/strong>:<\/span><br \/>\n<span style=\"color: #686868;\">Heinz Keeve<\/span><br \/>\n<span style=\"color: #686868;\">Heinz Keeve + Partner<\/span><br \/>\n<span style=\"color: #686868;\">Auf dem Tr\u00fcssel 35<\/span><br \/>\n<span style=\"color: #686868;\">49479 Ibbenb\u00fcren<\/span><br \/>\n<span style=\"color: #686868;\">Deutschland<\/span><br \/>\n<span style=\"color: #686868;\">E-Mail: <a href=\"mailto:info@dsb-keeve.de\">info@dsb-keeve.de<\/a><\/span><\/p>\n<p><span style=\"color: #686868;\">Jede betroffene Person kann sich jederzeit bei allen Fragen zur Bearbeitung und Speicherung ihrer Daten bei uns direkt an unseren Datenschutzbeauftragten wenden.<\/span><\/p>\n<p><span style=\"color: #686868;\">Klicken Sie hier, um unsere <a href=\"https:\/\/flick-ing.de\/?page_id=3\"><strong>Datenschutzerkl\u00e4rung<\/strong> <\/a>einzusehen<\/span><span style=\"color: #686868;\">.<\/span><\/p>\n<p><span style=\"color: #686868;\"><strong>Haftungshinweis <\/strong><\/span><br \/>\n<span style=\"color: #686868;\">Trotz sorgf\u00e4ltiger inhaltlicher Kontrolle \u00fcbernehmen wir keine Haftung f\u00fcr die Inhalte externer Links. F\u00fcr den Inhalt der verlinkten Seiten sind ausschlie\u00dflich deren Betreiber verantwortlich.<\/span><\/p>\n<\/div><div class=\"fusion-clearfix\"><\/div><\/div><\/div><\/div><\/div><\/p>\n","protected":false},"excerpt":{"rendered":"","protected":false},"author":6,"featured_media":0,"parent":0,"menu_order":0,"comment_status":"closed","ping_status":"open","template":"100-width.php","meta":{"footnotes":""},"class_list":["post-30","page","type-page","status-publish","hentry"],"_links":{"self":[{"href":"https:\/\/flick-ing.de\/index.php?rest_route=\/wp\/v2\/pages\/30","targetHints":{"allow":["GET"]}}],"collection":[{"href":"https:\/\/flick-ing.de\/index.php?rest_route=\/wp\/v2\/pages"}],"about":[{"href":"https:\/\/flick-ing.de\/index.php?rest_route=\/wp\/v2\/types\/page"}],"author":[{"embeddable":true,"href":"https:\/\/flick-ing.de\/index.php?rest_route=\/wp\/v2\/users\/6"}],"replies":[{"embeddable":true,"href":"https:\/\/flick-ing.de\/index.php?rest_route=%2Fwp%2Fv2%2Fcomments&post=30"}],"version-history":[{"count":5,"href":"https:\/\/flick-ing.de\/index.php?rest_route=\/wp\/v2\/pages\/30\/revisions"}],"predecessor-version":[{"id":1399,"href":"https:\/\/flick-ing.de\/index.php?rest_route=\/wp\/v2\/pages\/30\/revisions\/1399"}],"wp:attachment":[{"href":"https:\/\/flick-ing.de\/index.php?rest_route=%2Fwp%2Fv2%2Fmedia&parent=30"}],"curies":[{"name":"wp","href":"https:\/\/api.w.org\/{rel}","templated":true}]}}